{"id":1755,"date":"2013-08-02T11:47:06","date_gmt":"2013-08-02T09:47:06","guid":{"rendered":"http:\/\/www.lukow-historia.pl\/?page_id=1755"},"modified":"2013-08-06T11:01:51","modified_gmt":"2013-08-06T09:01:51","slug":"kroniki-dnia-codzienego","status":"publish","type":"page","link":"https:\/\/www.lukow-historia.pl\/?page_id=1755","title":{"rendered":"Kronika dnia codziennego"},"content":{"rendered":"<div class=\"testimonial_grid one_column_testimonial\"><blockquote><div class=\"fancy_box\"><h6 class=\"fancy_box_title\"><span>Napad<\/span><\/h6><div class=\"fancy_box_content\">\r\n<p style=\"text-align: justify\">Pan Wac\u0142aw charli\u0144ski z maj\u0105tku Gr\u0119z\u00f3wka pisze do nas:<\/p>\r\n<p style=\"text-align: justify\">W nocy z dnia 6 na 7 stycznia 1935 r., o godzinie 23:50 w nocy, id\u0105c ulic\u0105 D-ra Ch\u0105ci\u0144skiego, zosta\u0142em napadni\u0119ty przez dw\u00f3ch nieznajomych mi narazie osobnik\u00f3w. Jeden zaraz schwyci\u0142 mi\u0119 z ty\u0142u za ko\u0142nierz jedn\u0105 r\u0119k\u0105, za\u015b w drugiej r\u0119ce trzyma\u0142 roz\u0142o\u017cony n\u00f3\u017c. Jak si\u0119 p\u00f3\u017aniej okaza\u0142o by\u0142 to Bielecki Marjan z \u0141apiguza i Kaczor Wac\u0142aw z \u0141ukowa<\/p>\r\n<p style=\"text-align: justify\">W tym czasie schwycili mi\u0119 wsp\u00f3\u0142 i usi\u0142owali wci\u0105gn\u0105\u0107 za budki, stoj\u0105ce na rynku. Ja za\u015b broni\u0105c si\u0119 przed nimi, by mnie nie obrabowali i nie zabili, zmuszony by\u0142em u\u017cy\u0107 broni, w wyniku czego rani\u0142em znanego w \u0141ukowie Bieleckiego Marjana, kt\u00f3ry le\u017cy w szpitalu, a Kaczor w wi\u0119zieniu.<\/p>\r\n<p><\/p>\r\n<p style=\"text-align: right;\"><cite>Podlasie nr 28, 10.01.1935 r.<\/cite><\/p>\r\n<\/div><\/div><span class=\"testimonial_author\"><span class=\"testimonial_meta\"><span class=\"testimonial_author_name\">Stycze\u0144 1935 r.<\/span><\/span><\/span><\/blockquote><div class=\"clearboth\"><\/div><blockquote><div class=\"fancy_box\"><h6 class=\"fancy_box_title\"><span>I\/35 pu\u0142k piechoty<\/span><\/h6><div class=\"fancy_box_content\">\r\n<p style=\"text-align: justify\">\u0141uk\u00f3w. W dniu \u015bwi\u0119ta narodowego odby\u0142y si\u0119 zawody sportowe, kt\u00f3rych program by\u0142 nast\u0119puj\u0105cy: bieg okr\u0119\u017cny na 3 km, bieg na 100 m, rzut dyskiem, rzut kul\u0105, skok wzwy\u017c, skok o tyczce i skok w dal. Pierwszy bataljon da\u0142 5 zawodnik\u00f3w, z kt\u00f3rych plut. G\u00f3rski Zygmunt zdoby\u0142 pierwsz\u0105 nagrod\u0119 za bieg okr\u0119\u017cny na 3 km i drug\u0105 nagrod\u0119 za rzut dyskiem. Ludno\u015b\u0107 miejscowa, a szczeg\u00f3lnie \"\u0142ukowianki\" sympatyzuj\u0105 bardzo z naszym malutkim garnizonem. Dowodem tej sympatji by\u0142y bardzo sute \u015bwi\u0119ta Wielkanocne urz\u0105dzone dla szeregowych rocznika 1905 II. Brak nam w pu\u0142ku orkiestry, ale doskonale spe\u0142nia jej rol\u0119 harmonja i skrzypce, kt\u00f3re pod batut\u0105 sier\u017c. Buczka, szefa komp. I\/35 pu\u0142ku piechoty daj\u0105 nam w wolnych chwilach \u015bwietne koncerty.<\/p>\r\n<p style=\"text-align: right;\">Kapr. \u0141. Przychoda,<br>\r\nI komp. 35 p. p.<\/p>\r\n<p><\/p>\r\n<p style=\"text-align: right;\"><cite>\u017bo\u0142nierz Polski nr 24, 06.1927 r.<\/cite><\/p>\r\n<\/div><\/div><span class=\"testimonial_author\"><span class=\"testimonial_meta\"><span class=\"testimonial_author_name\">Maj 1927 r.<\/span><\/span><\/span><\/blockquote><div class=\"clearboth\"><\/div><blockquote><div class=\"fancy_box\"><h6 class=\"fancy_box_title\"><span>Dzie\u0144 Sp\u00f3\u0142dzielczo\u015bci<\/span><\/h6><div class=\"fancy_box_content\">\r\n<p style=\"text-align: justify\">W dniu 7 czerwca b. r. ca\u0142a Polska za przyk\u0142adem innych pa\u0144stw europejskich \u015bwi\u0119tuje Dzie\u0144 Sp\u00f3\u0142dzielczo\u015bci, aby w ten spos\u00f3b zaakceptowa\u0107 nasz\u0105 \u017cywotno\u015b\u0107 ekonomiczn\u0105, od kt\u00f3rej zale\u017cy dobro i przysz\u0142o\u015b\u0107 naszego pa\u0144stwa.<\/p>\r\n<p style=\"text-align: justify\">Miasto nasze w dniu tym przy\u0142\u0105cza si\u0119 do og\u00f3lnej uroczystej chwili. W tym celu obradowa\u0142 Komitet Organizacyjny, na kt\u00f3rym rozpatrywano projekt obchodu. Najwi\u0119kszy nacisk po\u0142o\u017cono, aby przedewszystkiem u\u015bwiadomi\u0107 szerokie masy ludowe o celach i zadaniach Sp\u00f3\u0142dzielni.\r\nNa program uroczysto\u015bci z\u0142o\u017c\u0105 si\u0119:<\/p>\r\n\r\n<ul class=\"fancy_list\"><li class=\"bullet_list\"><p style=\"text-align: justify;\"> Uroczyste nabo\u017ce\u0144stwo w ko\u015bciele po-Pijarskim o godzinie 9-ej.<\/p><\/li>\r\n<li class=\"bullet_list\"><p style=\"text-align: justify;\">Przem\u00f3wienie przed ko\u015bcio\u0142em po sumie o godzinie w 1\/2 do 2-ej.<\/p><\/li>\r\n<li class=\"bullet_list\"><p style=\"text-align: justify;\">Odczyt, \u015bpiew. <\/p><\/li>\r\n<\/ul>\r\n\r\n\r\n<p style=\"text-align: justify\">Deklamacje w Ogniwie o godzinie 8 wieczorem a nast\u0119pnie zabawa, w kt\u00f3rej bior\u0105 udzia\u0142 wszystkie stany, by w ten spos\u00f3b zapocz\u0105tkowa\u0107 shar-monizowanie wszystkich obywateli do pracy w kierunku naszego odrodzenia ekonomicznego.<\/p>\r\n<p style=\"text-align: right;\"><cite>Gazeta \u0141ukowska 06.1925 r.<\/cite><\/p>\r\n<\/div><\/div><span class=\"testimonial_author\"><span class=\"testimonial_meta\"><span class=\"testimonial_author_name\">Czerwiec 1925 r.<\/span><\/span><\/span><\/blockquote><div class=\"clearboth\"><\/div><blockquote><div class=\"fancy_box\"><h6 class=\"fancy_box_title\"><span>Po\u015bwi\u0119cenie sztandaru<\/span><\/h6><div class=\"fancy_box_content\">\r\n<p style=\"text-align: justify\">Po\u015bwi\u0119cenie sztandaru miejscowego Oddzia\u0142u Stowarzyszenia Dowborczyk\u00f3w odb\u0119dzie si\u0119 tutaj w miesi\u0105cu czerwcu 1925 r. Na uroczysto\u015b\u0107, jak si\u0119 dowiadujemy, przyjedzie gen. Dowb\u00f3r-Mu\u015bnicki, Komendant b. I-go Korpusu Wojsk Polskich.<\/p>\r\n<p style=\"text-align: right;\"><cite>Gazeta \u0141ukowska 06.1925 r.<\/cite><\/p>\r\n<\/div><\/div><span class=\"testimonial_author\"><span class=\"testimonial_meta\"><span class=\"testimonial_author_name\">Czerwiec 1925 r.<\/span><\/span><\/span><\/blockquote><div class=\"clearboth\"><\/div><blockquote><div class=\"fancy_box\"><h6 class=\"fancy_box_title\"><span>Odznaki<\/span><\/h6><div class=\"fancy_box_content\">\r\n<p style=\"text-align: justify\">Odznaki medalu pami\u0105tkowego 3-ga maja przyznane zosta\u0142y przez Pana Wojewed\u0119 Lubelskiego w uznaniu dzia\u0142alno\u015bci spo\u0142eczno-o\u015bwia-towej, rolniczej, sportowej i samorz\u0105dowej nast\u0119puj\u0105cym mieszka\u0144com pow. \u0141ukowskiego:<\/p>\r\n\r\n<ul class=\"fancy_list\"><li class=\"bullet_list\"><p style=\"text-align: justify;\">\tStanis\u0142aw \u0141ada, Mys\u0142\u00f3w;<\/p><\/li>\r\n<li class=\"bullet_list\"><p style=\"text-align: justify;\">Marcin Bereda, \u0141uk\u00f3w;<\/p><\/li>\r\n<li class=\"bullet_list\"><p style=\"text-align: justify;\">Joachim Krupi\u0144ski, \u015awidry;<\/p><\/li>\r\n<li class=\"bullet_list\"><p style=\"text-align: justify;\">Mieczys\u0142aw Wichetek, \u0141uk\u00f3w;<\/p><\/li>\r\n<li class=\"bullet_list\"><p style=\"text-align: justify;\">Micha\u0142 Kie\u0142czykowski, Tuchowicz;<\/p><\/li>\r\n<li class=\"bullet_list\"><p style=\"text-align: justify;\">Stanis\u0142aw Wielgosek, Stoczek.<\/p><\/li>\r\n<\/ul>\r\n\r\n<p style=\"text-align: justify\">Opr\u00f3cz wymienionych otrzymali powy\u017csze odznaki i udekorowani zostali na obchodzie 3-go Maja w Warszawie osobi\u015bcie przez Pana Prezydenta Rzeczypospolitej delegaci i cz\u0142onkowie Wydzia\u0142u Powiatowego pp. Kozie\u0142 J\u00f3zef i Matyka W\u0142adys\u0142aw.\r\n<\/p>\r\n<p style=\"text-align: right;\"><cite>Gazeta \u0141ukowska 06.1925 r.<\/cite><\/p>\r\n<\/div><\/div><span class=\"testimonial_author\"><span class=\"testimonial_meta\"><span class=\"testimonial_author_name\">Maj 1925 r.<\/span><\/span><\/span><\/blockquote><div class=\"clearboth\"><\/div><blockquote><div class=\"fancy_box\"><h6 class=\"fancy_box_title\"><span>\u0141ukowskie paradoksy<\/span><\/h6><div class=\"fancy_box_content\">\r\n<p style=\"text-align: justify\">Do nich zaliczy\u0107 nale\u017cy przede wszystkiem uniemo\u017cliwienie obywatelom korzystania z po\u0142\u0105czenia telefonicznego mi\u0119dzy miastem i stacj\u0105 kolejow\u0105.<\/p>\r\n<p style=\"text-align: justify\">Obywatel \u0142ukowski mo\u017ce porozumie\u0107 si\u0119 telefonicznie z ca\u0142ym powiatem \u0142ukowskim jako posiadacz abonamentu i z ca\u0142\u0105 Rzeczpospolit\u0105 za pewn\u0105 op\u0142at\u0105, tylko ze stacj\u0105 kolejow\u0105, kt\u00f3ra tak niedaleko le\u017cy od miasta, za \u017cadne pieni\u0105dze porozumie\u0107 si\u0119 nie mo\u017ce.<\/p>\r\n<p style=\"text-align: justify\">Paradoks ten uwidocznia si\u0119 jeszcze wi\u0119cej, gdy we\u017amiemy pod uwag\u0119, \u017ce miasto, a szczeg\u00f3lnie jego sfery handlowe \u0142\u0105czy ze stacj\u0105 tysi\u0105ce interes\u00f3w, cho\u0107 przecie\u017c stacyjna kasa towarowa jest dla miasta arterj\u0105, przez kt\u00f3r\u0105 przep\u0142ywa i odp\u0142ywa towar.<\/p>\r\n<p style=\"text-align: justify\">Wystarczy\u0142aby przypu\u015b\u0107my minuta czasu by jak\u0105\u015b kwestj\u0119 telefonicznie za\u0142atwi\u0107 ze stacj\u0105, ale obecnie obywatel mo\u017ce tylko o tem marzy\u0107, bo w\u0142a\u015bciwie, nawet maj\u0105c telefon w domu, musi przespacerowa\u0107 si\u0119 lub pojecha\u0107 doro\u017ck\u0105, by za\u0142atwi\u0107 swoje interesy kolejowe.<\/p>\r\n<p style=\"text-align: justify\">Tym nienormalnym przejawem naszego \u017cycia \u0142ukowskiego sfery miarodajne powinny si\u0119 zaj\u0105\u0107, by go usun\u0105\u0107, bo chocia\u017c \u017cyjemy w wieku radjotelefonji, na razie musimy jeszcze korzysta\u0107 z dawnych aparat\u00f3w, po\u0142\u0105czonych drutem.<\/p>\r\n<p style=\"text-align: justify\">Do paradoks\u00f3w r\u00f3wnie\u017c da si\u0119 zaliczy\u0107 ostatnie zarz\u0105dzenie w\u0142adz kolejowych, zabraniaj\u0105ce przechodzi\u0107 wszystkim bez wyj\u0105tku przez tor kolejowy.<\/p>\r\n<p style=\"text-align: justify\">Wytwarza to dla obywateli przewa\u017cnie kolejarzy, kt\u00f3rzy mieszkaj\u0105 na ul. Zakolejowej, le\u017c\u0105cej z tamtej strony stacji, nader uci\u0105\u017cliw\u0105 sytuacj\u0119.<\/p>\r\n<p style=\"text-align: justify\">Ka\u017cdy kolejarz lub jego dziecko w wieku szkolnym, aby przedosta\u0107 si\u0119 na t\u0105 stron\u0119 stacji, zmuszeni s\u0105, zamiast przej\u015b\u0107 kilkana\u015bcie krok\u00f3w przez tor, na\u0142o\u017cy\u0107 blizko p\u00f3\u0142tora kilometra drogi do przejazdu.<\/p>\r\n<p style=\"text-align: justify\">S\u0105 jednak tacy, kt\u00f3rzy chc\u0105 unikn\u0105\u0107 tego nak\u0142adu drogi \"szwarcuj\u0105 si\u0119\" przez tor t.j. przechodz\u0105 nielegalnie, co po\u0142\u0105czone jest nieraz z niebezpiecze\u0144stwem dla \u017cycia takiego \u015bmia\u0142ka.<\/p>\r\n<p style=\"text-align: justify\">Szczeg\u00f3lnie dla dzieci \u2014 uczni\u00f3w szko\u0142y kolejowej to niebezpiecze\u0144stwo dla \u017cycia jeszcze wi\u0119cej si\u0119 wzmaga, gdy\u017c z rana w godzinach szkolnych przekradaj\u0105 si\u0119 oni przez tor jak stado zaj\u0119cy, nie bacz\u0105c na manewruj\u0105ce poci\u0105gi zamiast przej\u015b\u0107 spokojnie jak dawniej, kiedy to zarz\u0105dzenie nie obowi\u0105zywa\u0142o.<\/p>\r\n<p style=\"text-align: justify\">Gwoli wi\u0119c bezpiecze\u0144stwa dzieci i samych kolejarzy mieszkaj\u0105cych poza stacj\u0105, apeluj\u0119 do inicjatora owego zarz\u0105dzenia o nowelizacj\u0119 tego\u017c w spos\u00f3b wi\u0119cej przyst\u0119pniejszy do wykonania.<\/p>\r\n<p style=\"text-align: right;\"><cite>Gazeta \u0141ukowska 04.1925 r.<\/cite><\/p>\r\n<\/div><\/div><span class=\"testimonial_author\"><span class=\"testimonial_meta\"><span class=\"testimonial_author_name\">Marzec 1925 r.<\/span><\/span><\/span><\/blockquote><div class=\"clearboth\"><\/div><blockquote><div class=\"fancy_box\"><h6 class=\"fancy_box_title\"><span>Wypadki i kradzie\u017ce<\/span><\/h6><div class=\"fancy_box_content\">\r\n\r\n<ul class=\"fancy_list\"><li class=\"bullet_list\"><p style=\"text-align: justify;\">W nocy z 2 na 3 marca 1925 r, nieznani sprawcy skradli za pomoc\u0105 wy\u0142amania zamku gospodarzowi, Janowi Kodonowi z Podlod\u00f3wki, gm. \u0141ysobyki konia, ogiera, lat 10, ma\u015bci skarogniadej, z gwiazdk\u0105 na \u0142bie, oraz w\u00f3z nowy z drabinkami i chomont krakowski z lejcami \u2014 og\u00f3\u0142em na sum\u0119 450 z\u0142. \u015alad prowadzi w stron\u0119 D\u0119blina. O kradzie\u017c podejrzani s\u0105 cyganie.<\/p>\r\n<\/li>\r\n<li class=\"bullet_list\"><p style=\"text-align: justify;\">Dnia 10 marca 1925 r., o godz. 17 wpad\u0142a pod poci\u0105g osobowy, id\u0105cy z \u0141ukowa do D\u0119blina, niedaleko za stacj\u0105 Krzywda mieszkanka wsi G\u0105s\u00f3wka, gm. Stanin, Franciszka Jaskulska i uleg\u0142a pot\u0142uczeniu. Chor\u0105 tym samym poci\u0105giem odwieziono do szpitala kolejowego w D\u0119blinie.<\/p><\/li>\r\n<li class=\"bullet_list\"><p style=\"text-align: justify;\">W nocy z 10 na 11 marca, Marja Rajkowska, lat 70 zamieszka\u0142a w \u0141ukowie, przy ul. Kry\u0144skiej 24, od d\u0142u\u017cszego czasu nosz\u0105c si\u0119 z zamiarem pozbawienia si\u0119 \u017cycia, wskoczy\u0142a do studni i uton\u0119\u0142a. Przyczyn\u0105 samob\u00f3jstwa by\u0142 prawdopodobnie rozstr\u00f3j umys\u0142owy.\r\n<\/p><\/li>\r\n<li class=\"bullet_list\"><p style=\"text-align: justify;\">O godz. 6 rano, dnia 12 marca 1925 r., na drodze, wiod\u0105cej od maj\u0105tku Gu\u0142\u00f3w do Krzywdy, znaleziono zw\u0142oki kobiety, mieszkanki kol. Orle-Gniazdo, gm. Gu\u0142\u00f3w, J\u00f3zefy Budziszewskiej, umys\u0142owo chorej, \u015bmier\u0107, jak ustalono, nast\u0105pi\u0142a w skutek zmarzni\u0119cia, poniewa\u017c Budziszewska w dniu 11 marca, wychodz\u0105c z domu, oznajmi\u0142a, \u017ce p\u00f3jdzie do swych kuzyn\u00f3w w Adamowie; w drodze tej wpad\u0142a widocznie do sadzawki oko\u0142o Gu\u0142owa, po czym zawr\u00f3ci\u0142a do domu, lecz b\u0119d\u0105c zm\u0119czon\u0105 i licho ubran\u0105 \u2014 zmarz\u0142a. Ogl\u0119dziny lekarskie gwa\u0142townej \u015bmierci nie wykaza\u0142y.\r\n<\/p><\/li>\r\n<li class=\"bullet_list\"><p style=\"text-align: justify;\">Dnia 14 tego\u017c miesi\u0105ca, o godz. 21 m. 30. w \u0141ukowie przy ul. Kry\u0144skiej 27 znaleziono podrzucone dziecko p\u0142ci \u017ce\u0144skiej, maj\u0105ce oko\u0142o dw\u00f3ch tygodni, ubrane w koszulk\u0119 i czapeczk\u0119, oraz okr\u0119cone w sukienk\u0119 we\u0142nian\u0105 i dwie chustki. Podrzutka umieszczono w szpitalu \u015bw. Tadeusza. Dochodzenie w toku.<\/p><\/li>\r\n<li class=\"bullet_list\"><p style=\"text-align: justify;\">Tego\u017c dnia w Go\u0142\u0105bkach policja wykry\u0142a inny fakt pozbycia si\u0119 nielegalnego p\u0142odu. Oto ujawniono, \u017ce niejaka Natalja O\u015bkiewicz, panna lat 25, porodzi\u0142a w dniu 18 lutego 1925 r. nie\u017cywe dziecko p\u0142ci \u017ce\u0144skiej i pochowa\u0142a je w polu. Trup dziecko odnaleziono i przes\u0142ano dla zbadania do trupiarni przy szpitalu \u015bw. Tadeusza w \u0141ukowie.\r\n<\/p><\/li>\r\n<li class=\"bullet_list\"><p style=\"text-align: justify;\">W dniu 18 marca 1925 r., o godz. 24, przy wej\u015bciu na stacj\u0119 \u0141uk\u00f3w poci\u0105gu osobowego, bezbiletowy pasa\u017cer wagonu 3 kl., robotnik Jozef Koszek, lat 41, mieszkaniec wsi Brzozowica gm. Bia\u0142a, pow. Radzy\u0144skiego, wyskakuj\u0105c z jad\u0105cego poci\u0105gu, upad\u0142 tak nieszcz\u0119\u015bliwie, \u017ce ko\u0142a wagon\u00f3w obci\u0119\u0142y mu ki\u015b\u0107 lewej r\u0119ki.<\/p><\/li>\r\n<\/ul>\r\n\r\n<p style=\"text-align: right;\"><cite>Gazeta \u0141ukowska 04.1925 r.<\/cite><\/p>\r\n<\/div><\/div><span class=\"testimonial_author\"><span class=\"testimonial_meta\"><span class=\"testimonial_author_name\">Marzec 1925 r.<\/span><\/span><\/span><\/blockquote><div class=\"clearboth\"><\/div><blockquote><div class=\"fancy_box\"><h6 class=\"fancy_box_title\"><span>Dla \u015b. p. Aleksandry Lewickiej<\/span><\/h6><div class=\"fancy_box_content\">\r\n<p style=\"text-align: justify;\">Dla \u015b. p. Aleksandry Lewickiej zamiast wie\u0144ca, nast\u0119puj\u0105ce osoby z\u0142o\u017cy\u0142y za pokwitowaniem ofiary na rzecz Ko\u0142a Samopomocy uczniowskiej przy gimn. Ko\u015bciuszki w \u0141ukowie pp.: Nowi\u0144scy 5 z\u0142., Gniewiewscy 5 z\u0142., M. Luck 5 z\u0142., Godlewska 5 z\u0142., ks. kan. Kwiatkowski 5 z\u0142., \u015aliz 5 z\u0142., K. Klimecka 2 z\u0142., Czerepi\u0144ska 5 z\u0142., Stilkrowie 5 z\u0142. \u2014 razem 52 z\u0142.<\/p>\r\n<p style=\"text-align: right;\"><cite>Gazeta \u0141ukowska 04.1925 r.<\/cite><\/p>\r\n<\/div><\/div><span class=\"testimonial_author\"><span class=\"testimonial_meta\"><span class=\"testimonial_author_name\">Marzec 1925 r.<\/span><\/span><\/span><\/blockquote><div class=\"clearboth\"><\/div><blockquote><div class=\"fancy_box\"><h6 class=\"fancy_box_title\"><span>Eksperci w elektrowni miejskiej<\/span><\/h6><div class=\"fancy_box_content\">\r\n<p style=\"text-align: justify;\">W dn. 9 marca 1925 r. specjalnie zaanga\u017cowani przez Magistrat eksperci w osobach: profesor Politechniki Warszawskiej im. Taylor i jako specjalista na motory i doradca in\u017c. Gnoi\u0144ski specjalista elektrotechniczny \u2014 zbadali motor, dynamo maszyn\u0119, gazownie i linj\u0119.<\/p>\r\n<p style=\"text-align: justify;\">Ju\u017c od godziny 8-mej z rana przez opornik wodny sztucznie obci\u0105\u017cyli tutejsz\u0105 stacje. Pr\u00f3ba trwa\u0142a do godziny 10 wieczorem.<\/p>\r\n<p style=\"text-align: justify;\">Komisja doradc\u00f3w znalaz\u0142a \u017ce wymiary motoru odpowiadaj\u0105 si\u0142\u0119 130 H. P. lecz wyzyska\u0107 da si\u0119 oko\u0142o 90 koni mechanicznych.<\/p>\r\n<p style=\"text-align: justify;\">Dynamo maszyna da si\u0119 obci\u0105\u017cy\u0107 do 65 K. W. A. Niema zatem obawy, aby kiedy\u015b za lat kilka zabrak\u0142o pr\u0105du dla miasta.<\/p>\r\n<p style=\"text-align: right;\"><cite>Gazeta \u0141ukowska 04.1925 r.<\/cite><\/p>\r\n<\/div><\/div>\r\n<span class=\"testimonial_author\"><span class=\"testimonial_meta\"><span class=\"testimonial_author_name\">Marzec 1925 r.<\/span><\/span><\/span><\/blockquote><div class=\"clearboth\"><\/div><blockquote><div class=\"fancy_box\"><h6 class=\"fancy_box_title\"><span>Echo<\/span><\/h6><div class=\"fancy_box_content\">\r\n<p style=\"text-align: justify;\">\"Echo\" odegra\u0142o w dniu 28 lutego i marca 1925 r. \"Krwawy Stycze\u0144\" Jana Ciborowskiego. Dzi\u0119ki niezmordowanemu i umiej\u0119tnemu kierownictwu, zesp\u00f3\u0142 dramatyczny \"Echa\" - czyni du\u017ce post\u0119py, o czem \u015bwiadczy\u0142a gra pp. E. Olszewskiej, St. Kosieradzkiego, K Lewickiego, F. Poziomkiewicza, I. Kwiatkowskiego i B. D\u0105browskiego, nagradzanych rz\u0119sistemi oklaskami. Z czystego zysku przeznaczono 83 z\u0142. 53 gr. na pomnik dla powsta\u0144c\u00f3w w \u0141ukowie i 80 z\u0142. 60 gr. jako zapomog\u0119 dla uczennicy Seminarjum Nauczycielskiego w Wo\u0142kowysku.<\/p>\r\n<p style=\"text-align: right;\"><cite>Gazeta \u0141ukowska 04.1925 r.<\/cite><\/p>\r\n<\/div><\/div>\r\n<span class=\"testimonial_author\"><span class=\"testimonial_meta\"><span class=\"testimonial_author_name\">Marzec 1925 r.<\/span><\/span><\/span><\/blockquote><div class=\"clearboth\"><\/div><\/div><div class=\"wp-pagenavi\">\n<span class=\"pagenavi-pages\">Strona 1 z 4<\/span><span class=\"current\">1<\/span><a href=\"https:\/\/www.lukow-historia.pl\/index.php?rest_route=%2Fwp%2Fv2%2Fpages%2F1755&#038;paged=2\" class=\"pagenavi-page\" title=\"2\">2<\/a><a href=\"https:\/\/www.lukow-historia.pl\/index.php?rest_route=%2Fwp%2Fv2%2Fpages%2F1755&#038;paged=3\" class=\"pagenavi-page\" title=\"3\">3<\/a><a href=\"https:\/\/www.lukow-historia.pl\/index.php?rest_route=%2Fwp%2Fv2%2Fpages%2F1755&#038;paged=4\" class=\"pagenavi-page\" title=\"4\">4<\/a><a href=\"https:\/\/www.lukow-historia.pl\/index.php?rest_route=%2Fwp%2Fv2%2Fpages%2F1755&#038;paged=2\" >&raquo;<\/a><\/div>\n","protected":false},"excerpt":{"rendered":"","protected":false},"author":1,"featured_media":0,"parent":79,"menu_order":0,"comment_status":"open","ping_status":"open","template":"","meta":[],"_links":{"self":[{"href":"https:\/\/www.lukow-historia.pl\/index.php?rest_route=\/wp\/v2\/pages\/1755"}],"collection":[{"href":"https:\/\/www.lukow-historia.pl\/index.php?rest_route=\/wp\/v2\/pages"}],"about":[{"href":"https:\/\/www.lukow-historia.pl\/index.php?rest_route=\/wp\/v2\/types\/page"}],"author":[{"embeddable":true,"href":"https:\/\/www.lukow-historia.pl\/index.php?rest_route=\/wp\/v2\/users\/1"}],"replies":[{"embeddable":true,"href":"https:\/\/www.lukow-historia.pl\/index.php?rest_route=%2Fwp%2Fv2%2Fcomments&post=1755"}],"version-history":[{"count":12,"href":"https:\/\/www.lukow-historia.pl\/index.php?rest_route=\/wp\/v2\/pages\/1755\/revisions"}],"predecessor-version":[{"id":1795,"href":"https:\/\/www.lukow-historia.pl\/index.php?rest_route=\/wp\/v2\/pages\/1755\/revisions\/1795"}],"up":[{"embeddable":true,"href":"https:\/\/www.lukow-historia.pl\/index.php?rest_route=\/wp\/v2\/pages\/79"}],"wp:attachment":[{"href":"https:\/\/www.lukow-historia.pl\/index.php?rest_route=%2Fwp%2Fv2%2Fmedia&parent=1755"}],"curies":[{"name":"wp","href":"https:\/\/api.w.org\/{rel}","templated":true}]}}