{"id":2,"date":"2011-10-31T10:04:55","date_gmt":"2011-10-31T10:04:55","guid":{"rendered":"http:\/\/lh.one.pl\/?page_id=2"},"modified":"2016-04-27T11:03:00","modified_gmt":"2016-04-27T09:03:00","slug":"przykladowa-strona","status":"publish","type":"page","link":"https:\/\/www.lukow-historia.pl\/?page_id=2","title":{"rendered":"O nas"},"content":{"rendered":"<blockquote>\u0141uk\u00f3w Historia - Serwis po\u015bwi\u0119cony historii miasta \u0141uk\u00f3w<\/blockquote><p style=\"text-align: justify\">Serwis powsta\u0142 w 2010 roku, jako rozwini\u0119cie dobrze ju\u017c znanej <a href=\"http:\/\/www.galeria.lukow-historia.pl\" class=\"fancy_link\">&#8220;Historycznej galerii miasta \u0141uk\u00f3wa&#8221; &#x2192;<\/a>, ma pe\u0142ni\u0107 rol\u0119 repozytorium wiedzy o historii \u0141ukowa. Znajd\u0105 si\u0119 w nim wszystkie informacje kt\u00f3re posiadamy i te kt\u00f3re do nas nap\u0142ywaj\u0105 od czytelnik\u00f3w.<\/p>\n<p>Serwis tworzy grupa ludzi, mi\u0142o\u015bnik\u00f3w historii naszego miasta.<\/p>\n<hr>\n<h3>\u0179r\u00f3d\u0142a prasowe<\/h3>\n<div class=\"fancy_box\">\n<h6 class=\"fancy_box_title\"><span>WSP\u00d3LNOTA \u0141UKOWSKA<\/span><\/h6>\n<div class=\"fancy_box_content\">\nArchiwalne artyku\u0142y publikujemy za zgod\u0105 udzielon\u0105 w 2011 roku przez redaktora naczelnego pisma<\/div>\n<\/div>\n<div class=\"fancy_box\">\n<h6 class=\"fancy_box_title\"><span>NOWA GAZETA \u0141UKOWSKA<\/span><\/h6>\n<div class=\"fancy_box_content\">\nArchiwalne artyku\u0142y publikujemy za zgod\u0105 udzielon\u0105 w 2011 roku przez Prezesa \u0141ukowskiego Towarzystwa Regionalnego im. J.S.Majewskiego &#8211; Zbigniewa Pasika<br \/>\nPodzi\u0119kowania dla Dyrektor MBP w \u0141ukowie &#8211; Ewy Wi\u015bnickiej\n<\/div>\n<\/div>\n<p style=\"text-align: justify\">Artyku\u0142y publikujemy nie naruszaj\u0105c praw autorskich. Zachowany zostaje tytu\u0142 oraz dok\u0142adnie odwzorowana tre\u015b\u0107, be\u017c \u017cadnych zmian z naszej strony. Podajemy r\u00f3wnie\u017c \u017ar\u00f3d\u0142o i autora tekstu. Zmianie jedynie ulega uk\u0142ad publikacji, co jest podyktowane ujednoliceniem wygl\u0105du wszystkich artyku\u0142\u00f3w w serwisie &#8220;\u0141uk\u00f3w-Historia&#8221;.<\/p>\n<hr>\n<div class=\"titled_box\">\n<h6 class=\"titled_box_title silver\"><span>Kontakt z Nami<\/span><\/h6>\n<div class=\"titled_box_content\">\nJe\u017celi jeste\u015bcie w posiadaniu informacji kt\u00f3re chcieliby\u015bcie zobaczy\u0107 na \u0142amach serwisu, prosimy o kontakt.<\/p>\n<div id=\"mysite_form1\" class=\"mysite_form\"><form action=\"\/index.php?rest_route=%2Fwp%2Fv2%2Fpages%2F2#mysite_form1\" method=\"post\"><div class=\"mysite_form_row name_row\"><label for=\"mysite_field01\">Imi\u0119*<\/label><input type=\"text\" name=\"mysite_field01\" id=\"mysite_field01\" class=\"textfield name\" value=\"\" \/><\/div><div class=\"mysite_form_row email_row\"><label for=\"mysite_field11\">Email*<\/label><input type=\"text\" name=\"mysite_field11\" id=\"mysite_field11\" class=\"textfield email\" value=\"\" \/><\/div><div class=\"mysite_form_row textarea_row\"><label for=\"mysite_field21\">Tre\u015b\u0107 wiadomo\u015bci<\/label><textarea name=\"mysite_field21\" id=\"mysite_field21\" class=\"textarea\" rows=\"5\" cols=\"40\"><\/textarea><\/div><div class=\"mysite_form_row captcha_row\"><label for=\"mysite_field31\">6 + 6 <\/label><input type=\"text\" name=\"mysite_field31\" id=\"mysite_field31\" class=\"textfield required\" value=\"\" \/><\/div><div class=\"mysite_form_row\"><input type=\"submit\" value=\"Wy\u015blij\" class=\"contact_form_submit fancy_button\" \/><div class=\"mysite_contact_feedback\"><img src=\"https:\/\/www.lukow-historia.pl\/wp-content\/themes\/infocus\/images\/assets\/transparent.gif\" style=\"background-image: url(https:\/\/www.lukow-historia.pl\/wp-content\/themes\/infocus\/images\/assets\/preloader.png);\"><\/div><\/div><div class=\"mysite_form_row mysite_name_required\"><input type=\"text\" name=\"mysite_name_required\" id=\"mysite_name_required\" \/><\/div><div class=\"mysite_form_row mysite_email_required\"><input type=\"text\" name=\"mysite_email_required\" id=\"mysite_email_required\" \/><\/div><div class=\"mysite_form_row\" style=\"display:none;\"><input type=\"hidden\" name=\"_mysite_form\" value=\"1\"><input type=\"hidden\" name=\"_mysite_form_encode\" value=\"rZTBToNAEIZfBS8eNGkKRdTtxYsH7703wzLKFpal7JJKDGefwfR12veSVRYKLZakJpz--fPvN7OzAPHIhyS2Q67XuVBzXkimcIkcWPyrzCVx3Loa55HYTEImlcgYPL1p14QK3jhtt5sjc3-FVLX1x7q-qEKs6lMhWn3Tfe2ROaUo5ZG-CCGJ5NWRDhGTHE2OT6aHWSxAH7JOzatrrwzjwBwD9UB6jfx4pnZjmmmT8agixYbGiAnwVrwzAwQf27kagBfOdl83jfxQyxmuc5ZhcABdDpDZY8gMRPdy_0Z71t6L0JwxaCZX4buCDOEMXbtGGe63u09rwyAQXOy3lF3COmtZ3UFWs1IUUkVDGDlIz7q1POsc3HD6aZ1VL1d340y73ejlW_aygdi6p8GTTSEUCRapMO9Ip9sn_g7_FV-W3w\"><\/div><\/form><\/div><\/div>\n<\/div>\n","protected":false},"excerpt":{"rendered":"<p>Serwis powsta\u0142 w 2010 roku, jako rozwini\u0119cie dobrze ju\u017c znanej , ma pe\u0142ni\u0107 rol\u0119 repozytorium wiedzy o historii \u0141ukowa. Znajd\u0105 si\u0119 w nim wszystkie informacje kt\u00f3re posiadamy i te kt\u00f3re do nas nap\u0142ywaj\u0105 od czytelnik\u00f3w. Serwis tworzy grupa ludzi, mi\u0142o\u015bnik\u00f3w historii naszego miasta. \u0179r\u00f3d\u0142a prasowe Artyku\u0142y publikujemy nie naruszaj\u0105c praw autorskich. Zachowany zostaje tytu\u0142 oraz dok\u0142adnie odwzorowana tre\u015b\u0107, be\u017c \u017cadnych &#8230;<\/p>\n","protected":false},"author":1,"featured_media":0,"parent":0,"menu_order":0,"comment_status":"open","ping_status":"open","template":"","meta":[],"_links":{"self":[{"href":"https:\/\/www.lukow-historia.pl\/index.php?rest_route=\/wp\/v2\/pages\/2"}],"collection":[{"href":"https:\/\/www.lukow-historia.pl\/index.php?rest_route=\/wp\/v2\/pages"}],"about":[{"href":"https:\/\/www.lukow-historia.pl\/index.php?rest_route=\/wp\/v2\/types\/page"}],"author":[{"embeddable":true,"href":"https:\/\/www.lukow-historia.pl\/index.php?rest_route=\/wp\/v2\/users\/1"}],"replies":[{"embeddable":true,"href":"https:\/\/www.lukow-historia.pl\/index.php?rest_route=%2Fwp%2Fv2%2Fcomments&post=2"}],"version-history":[{"count":22,"href":"https:\/\/www.lukow-historia.pl\/index.php?rest_route=\/wp\/v2\/pages\/2\/revisions"}],"predecessor-version":[{"id":4814,"href":"https:\/\/www.lukow-historia.pl\/index.php?rest_route=\/wp\/v2\/pages\/2\/revisions\/4814"}],"wp:attachment":[{"href":"https:\/\/www.lukow-historia.pl\/index.php?rest_route=%2Fwp%2Fv2%2Fmedia&parent=2"}],"curies":[{"name":"wp","href":"https:\/\/api.w.org\/{rel}","templated":true}]}}