{"id":220,"date":"2012-09-23T02:00:24","date_gmt":"2012-09-23T00:00:24","guid":{"rendered":"http:\/\/lh.one.pl\/?page_id=220"},"modified":"2012-09-23T02:00:24","modified_gmt":"2012-09-23T00:00:24","slug":"fotogaleria","status":"publish","type":"page","link":"https:\/\/www.lukow-historia.pl\/?page_id=220","title":{"rendered":"Fotogaleria"},"content":{"rendered":"<div class=\"ngg-albumoverview\">\n\t<!-- List of galleries --><\/p>\n<div class=\"ngg-album\">\n<div class=\"ngg-albumtitle\"><a href=\"https:\/\/www.lukow-historia.pl\/?page_id=220&amp;album=1&amp;gallery=56\">Prace archeolog\u00f3w w krypcie Ko\u015bcio\u0142a pw. Podwy\u017cszenia Krzy\u017ca \u015awi\u0119tego<\/a><\/div>\n<div class=\"ngg-albumcontent\">\n<div class=\"ngg-thumbnail\">\n\t\t\t\t\t<a href=\"https:\/\/www.lukow-historia.pl\/?page_id=220&amp;album=1&amp;gallery=56\"><img class=\"Thumb\" alt=\"Prace archeolog\u00f3w w krypcie Ko\u015bcio\u0142a pw. Podwy\u017cszenia Krzy\u017ca \u015awi\u0119tego\" src=\"https:\/\/www.lukow-historia.pl\/\/wp-content\/gallery\/arch\/thumbs\/thumbs_a25.jpg\"\/><\/a>\n\t\t\t\t<\/div>\n<div class=\"ngg-description\">\n<p>Profesor Ma\u0142gorzata Grupa i jej studenci przyjechali 22 lipca 2019 r. do \u0141ukowa na zaproszenie ksi\u0119dza proboszcza Andrzeja Kieliszka.<br \/>\nFot. Anna Kupi\u0144ska \/ podlasie24.pl<\/p>\n<p><strong>24<\/strong> Photos<\/p>\n<\/p><\/div>\n<\/p><\/div>\n<\/p><\/div>\n<div class=\"ngg-album\">\n<div class=\"ngg-albumtitle\"><a href=\"https:\/\/www.lukow-historia.pl\/?page_id=220&amp;album=1&amp;gallery=49\">Dom przy g\u0142\u00f3wnej ulicy \u0141ukowa<\/a><\/div>\n<div class=\"ngg-albumcontent\">\n<div class=\"ngg-thumbnail\">\n\t\t\t\t\t<a href=\"https:\/\/www.lukow-historia.pl\/?page_id=220&amp;album=1&amp;gallery=49\"><img class=\"Thumb\" alt=\"Dom przy g\u0142\u00f3wnej ulicy \u0141ukowa\" src=\"https:\/\/www.lukow-historia.pl\/\/wp-content\/gallery\/dom_1\/thumbs\/thumbs_lukow-dom-00.jpg\"\/><\/a>\n\t\t\t\t<\/div>\n<div class=\"ngg-description\">\n<p>Dzi\u015b budynek ju\u017c nie istnieje, zosta\u0142 rozebrany w 2017 r.<br \/>\nTak oto przedstawia\u0142 si\u0119 jego stan w 2014 r.<\/p>\n<p><strong>14<\/strong> Photos<\/p>\n<\/p><\/div>\n<\/p><\/div>\n<\/p><\/div>\n<div class=\"ngg-album\">\n<div class=\"ngg-albumtitle\"><a href=\"https:\/\/www.lukow-historia.pl\/?page_id=220&amp;album=1&amp;gallery=46\">Kamie\u0144 Piotra Ludwika Napoleona Czerniewicza<\/a><\/div>\n<div class=\"ngg-albumcontent\">\n<div class=\"ngg-thumbnail\">\n\t\t\t\t\t<a href=\"https:\/\/www.lukow-historia.pl\/?page_id=220&amp;album=1&amp;gallery=46\"><img class=\"Thumb\" alt=\"Kamie\u0144 Piotra Ludwika Napoleona Czerniewicza\" src=\"https:\/\/www.lukow-historia.pl\/\/wp-content\/gallery\/29\/thumbs\/thumbs_dsc_1009.jpg\"\/><\/a>\n\t\t\t\t<\/div>\n<div class=\"ngg-description\">\n<p>Dnia 29.06.2016 r. za spraw\u0105 Andrzeja Zdrojewskiego w parku miejskim ods\u0142oni\u0119ty zosta\u0142 kolejny  m\u00f3wi\u0105cy kamie\u0144. Tym razem po\u015bwi\u0119cony Piotrowi Ludwikowi Napoleonowi Czerniewiczowi (Pedro Luiz Napole\u00e3o Chernoviz).<\/p>\n<p><strong>15<\/strong> Photos<\/p>\n<\/p><\/div>\n<\/p><\/div>\n<\/p><\/div>\n<div class=\"ngg-album\">\n<div class=\"ngg-albumtitle\"><a href=\"https:\/\/www.lukow-historia.pl\/?page_id=220&amp;album=1&amp;gallery=43\">\u0141ukowianie pami\u0119tali o ofiarach 1939 r.<\/a><\/div>\n<div class=\"ngg-albumcontent\">\n<div class=\"ngg-thumbnail\">\n\t\t\t\t\t<a href=\"https:\/\/www.lukow-historia.pl\/?page_id=220&amp;album=1&amp;gallery=43\"><img class=\"Thumb\" alt=\"\u0141ukowianie pami\u0119tali o ofiarach 1939 r.\" src=\"https:\/\/www.lukow-historia.pl\/\/wp-content\/gallery\/1939\/thumbs\/thumbs_lukow-05.jpg\"\/><\/a>\n\t\t\t\t<\/div>\n<div class=\"ngg-description\">\n<p>1 wrze\u015bnia 2015 roku na \u0142ukowskim cmentarzu, \u0141ukowianie oddali ho\u0142d ofiarom 1939 r. Inicjatorem akcji by\u0142 Andrzej Zdrojewski wraz z TFM.<\/p>\n<p><strong>32<\/strong> Photos<\/p>\n<\/p><\/div>\n<\/p><\/div>\n<\/p><\/div>\n<div class=\"ngg-album\">\n<div class=\"ngg-albumtitle\"><a href=\"https:\/\/www.lukow-historia.pl\/?page_id=220&amp;album=1&amp;gallery=42\">Obchody 71 rocznicy wybuchu Powstania Warszawskiego<\/a><\/div>\n<div class=\"ngg-albumcontent\">\n<div class=\"ngg-thumbnail\">\n\t\t\t\t\t<a href=\"https:\/\/www.lukow-historia.pl\/?page_id=220&amp;album=1&amp;gallery=42\"><img class=\"Thumb\" alt=\"Obchody 71 rocznicy wybuchu Powstania Warszawskiego\" src=\"https:\/\/www.lukow-historia.pl\/\/wp-content\/gallery\/obchody\/thumbs\/thumbs_dsc_0031.jpg\"\/><\/a>\n\t\t\t\t<\/div>\n<div class=\"ngg-description\">\n<p>1 sierpnia 2015 r. \u0141ukowianie oddali ho\u0142d Bohaterom Powstania Warszawskiego.<\/p>\n<p><strong>39<\/strong> Photos<\/p>\n<\/p><\/div>\n<\/p><\/div>\n<\/p><\/div>\n<div class=\"ngg-album\">\n<div class=\"ngg-albumtitle\"><a href=\"https:\/\/www.lukow-historia.pl\/?page_id=220&amp;album=1&amp;gallery=41\">71 rocznica bitwy o Monte Cassino<\/a><\/div>\n<div class=\"ngg-albumcontent\">\n<div class=\"ngg-thumbnail\">\n\t\t\t\t\t<a href=\"https:\/\/www.lukow-historia.pl\/?page_id=220&amp;album=1&amp;gallery=41\"><img class=\"Thumb\" alt=\"71 rocznica bitwy o Monte Cassino\" src=\"https:\/\/www.lukow-historia.pl\/\/wp-content\/gallery\/mc\/thumbs\/thumbs_mc71-5.jpg\"\/><\/a>\n\t\t\t\t<\/div>\n<div class=\"ngg-description\">\n<p>\u0141ukowianie uczcili pami\u0119ci Bohater\u00f3w walcz\u0105cych w si\u0142ach zbrojnych na zachodzie.<\/p>\n<p><strong>17<\/strong> Photos<\/p>\n<\/p><\/div>\n<\/p><\/div>\n<\/p><\/div>\n<div class=\"ngg-album\">\n<div class=\"ngg-albumtitle\"><a href=\"https:\/\/www.lukow-historia.pl\/?page_id=220&amp;album=1&amp;gallery=38\">\u0141ukowianki na motocyklach<\/a><\/div>\n<div class=\"ngg-albumcontent\">\n<div class=\"ngg-thumbnail\">\n\t\t\t\t\t<a href=\"https:\/\/www.lukow-historia.pl\/?page_id=220&amp;album=1&amp;gallery=38\"><img class=\"Thumb\" alt=\"\u0141ukowianki na motocyklach\" src=\"https:\/\/www.lukow-historia.pl\/\/wp-content\/gallery\/8_1\/thumbs\/thumbs_lukow-8marca2015-05.jpg\"\/><\/a>\n\t\t\t\t<\/div>\n<div class=\"ngg-description\">\n<p>8 marca 2015 r. Panie \u015bwi\u0119towa\u0142y sw\u00f3j dzie\u0144. Z tej okazji Andrzej Zdrojewski wraz z TFM i klubem CWS przygotowali liczne niespodzianki dla Pa\u0144, oraz wystaw\u0119 fotografii &#8220;\u0141ukowianki na motocyklach&#8221;.<\/p>\n<p><strong>47<\/strong> Photos<\/p>\n<\/p><\/div>\n<\/p><\/div>\n<\/p><\/div>\n<div class=\"ngg-album\">\n<div class=\"ngg-albumtitle\"><a href=\"https:\/\/www.lukow-historia.pl\/?page_id=220&amp;album=1&amp;gallery=31\">\u0141ukowianki z dawnych lat<\/a><\/div>\n<div class=\"ngg-albumcontent\">\n<div class=\"ngg-thumbnail\">\n\t\t\t\t\t<a href=\"https:\/\/www.lukow-historia.pl\/?page_id=220&amp;album=1&amp;gallery=31\"><img class=\"Thumb\" alt=\"\u0141ukowianki z dawnych lat\" src=\"https:\/\/www.lukow-historia.pl\/\/wp-content\/gallery\/8\/thumbs\/thumbs_8marzec2014-16.jpg\"\/><\/a>\n\t\t\t\t<\/div>\n<div class=\"ngg-description\">\n<p>Wystawa &#8220;\u0141ukowianki z dawnych lat &#8230;&#8221; przygotowana z okazji Dnia Kobiet. <\/p>\n<p><strong>23<\/strong> Photos<\/p>\n<\/p><\/div>\n<\/p><\/div>\n<\/p><\/div>\n<div class=\"ngg-album\">\n<div class=\"ngg-albumtitle\"><a href=\"https:\/\/www.lukow-historia.pl\/?page_id=220&amp;album=1&amp;gallery=30\">Obchody rocznicy wybuchu Powstania Styczniowego<\/a><\/div>\n<div class=\"ngg-albumcontent\">\n<div class=\"ngg-thumbnail\">\n\t\t\t\t\t<a href=\"https:\/\/www.lukow-historia.pl\/?page_id=220&amp;album=1&amp;gallery=30\"><img class=\"Thumb\" alt=\"Obchody rocznicy wybuchu Powstania Styczniowego\" src=\"https:\/\/www.lukow-historia.pl\/\/wp-content\/gallery\/150\/thumbs\/thumbs_lukow-150-pw-61.jpg\"\/><\/a>\n\t\t\t\t<\/div>\n<div class=\"ngg-description\">\n<p>Dnia 22 stycznia 2014 r. odby\u0142y si\u0119 uroczysto\u015bci zako\u0144czenia jubileuszowych obchod\u00f3w 150 Rocznicy Wybuchu Powstania Styczniowego.<\/p>\n<p><strong>56<\/strong> Photos<\/p>\n<\/p><\/div>\n<\/p><\/div>\n<\/p><\/div>\n<div class=\"ngg-album\">\n<div class=\"ngg-albumtitle\"><a href=\"https:\/\/www.lukow-historia.pl\/?page_id=220&amp;album=1&amp;gallery=32\">Wykopaliska archeologiczne &#8211; kurhan<\/a><\/div>\n<div class=\"ngg-albumcontent\">\n<div class=\"ngg-thumbnail\">\n\t\t\t\t\t<a href=\"https:\/\/www.lukow-historia.pl\/?page_id=220&amp;album=1&amp;gallery=32\"><img class=\"Thumb\" alt=\"Wykopaliska archeologiczne - kurhan\" src=\"https:\/\/www.lukow-historia.pl\/\/wp-content\/gallery\/kur\/thumbs\/thumbs_kur3.jpg\"\/><\/a>\n\t\t\t\t<\/div>\n<div class=\"ngg-description\">\n<p>Wykopaliska archeologiczne w lesie Kry\u0144szczak. Przedmiotem bada\u0144 by\u0142o wzniesienie przypominaj\u0105ce kurhan.<br \/>\nAutor fotografii &#8211; Micha\u0142 \u015awider<\/p>\n<p><strong>3<\/strong> Photos<\/p>\n<\/p><\/div>\n<\/p><\/div>\n<\/p><\/div>\n<div class=\"ngg-album\">\n<div class=\"ngg-albumtitle\"><a href=\"https:\/\/www.lukow-historia.pl\/?page_id=220&amp;album=1&amp;gallery=29\">\u015awi\u0119to Niepodleg\u0142o\u015bci 2013<\/a><\/div>\n<div class=\"ngg-albumcontent\">\n<div class=\"ngg-thumbnail\">\n\t\t\t\t\t<a href=\"https:\/\/www.lukow-historia.pl\/?page_id=220&amp;album=1&amp;gallery=29\"><img class=\"Thumb\" alt=\"\u015awi\u0119to Niepodleg\u0142o\u015bci 2013\" src=\"https:\/\/www.lukow-historia.pl\/\/wp-content\/gallery\/11\/thumbs\/thumbs_lukow-11listopada2013-55.jpg\"\/><\/a>\n\t\t\t\t<\/div>\n<div class=\"ngg-description\">\n<p>Obchody 95. rocznicy Odzyskania Niepodleg\u0142o\u015bci w \u0141ukowie.<\/p>\n<p><strong>55<\/strong> Photos<\/p>\n<\/p><\/div>\n<\/p><\/div>\n<\/p><\/div>\n<div class=\"ngg-album\">\n<div class=\"ngg-albumtitle\"><a href=\"https:\/\/www.lukow-historia.pl\/?page_id=220&amp;album=1&amp;gallery=28\">Kwesta na renowacje \u0141ukowskich zabytkowych grob\u00f3w.<\/a><\/div>\n<div class=\"ngg-albumcontent\">\n<div class=\"ngg-thumbnail\">\n\t\t\t\t\t<a href=\"https:\/\/www.lukow-historia.pl\/?page_id=220&amp;album=1&amp;gallery=28\"><img class=\"Thumb\" alt=\"Kwesta na renowacje \u0141ukowskich zabytkowych grob\u00f3w.\" src=\"https:\/\/www.lukow-historia.pl\/\/wp-content\/gallery\/kwesta\/thumbs\/thumbs_kw5.jpg\"\/><\/a>\n\t\t\t\t<\/div>\n<div class=\"ngg-description\">\n<p>Pierwszy dzie\u0144 kwesty na renowacje \u0141ukowskich zabytkowych grob\u00f3w.<\/p>\n<p><strong>11<\/strong> Photos<\/p>\n<\/p><\/div>\n<\/p><\/div>\n<\/p><\/div>\n<div class=\"ngg-album\">\n<div class=\"ngg-albumtitle\"><a href=\"https:\/\/www.lukow-historia.pl\/?page_id=220&amp;album=1&amp;gallery=27\">Remont kamienicy<\/a><\/div>\n<div class=\"ngg-albumcontent\">\n<div class=\"ngg-thumbnail\">\n\t\t\t\t\t<a href=\"https:\/\/www.lukow-historia.pl\/?page_id=220&amp;album=1&amp;gallery=27\"><img class=\"Thumb\" alt=\"Remont kamienicy\" src=\"https:\/\/www.lukow-historia.pl\/\/wp-content\/gallery\/kamienica\/thumbs\/thumbs_k7.jpg\"\/><\/a>\n\t\t\t\t<\/div>\n<div class=\"ngg-description\">\n<p>Remont kamienicy przy zbiegu ulic ks. kard. Stefana Wyszy\u0144skiego i Stefana Zdanowskiego, przeprowadzony w 2013 r.<\/p>\n<p><strong>12<\/strong> Photos<\/p>\n<\/p><\/div>\n<\/p><\/div>\n<\/p><\/div>\n<div class=\"ngg-album\">\n<div class=\"ngg-albumtitle\"><a href=\"https:\/\/www.lukow-historia.pl\/?page_id=220&amp;album=1&amp;gallery=23\">&#8220;Bracia, nie zasypiajmy sprawy &#8230; ks. Stanis\u0142aw Brz\u00f3zka&#8221;<\/a><\/div>\n<div class=\"ngg-albumcontent\">\n<div class=\"ngg-thumbnail\">\n\t\t\t\t\t<a href=\"https:\/\/www.lukow-historia.pl\/?page_id=220&amp;album=1&amp;gallery=23\"><img class=\"Thumb\" alt=\"\"Bracia, nie zasypiajmy sprawy ... ks. Stanis\u0142aw Brz\u00f3zka\"\" src=\"https:\/\/www.lukow-historia.pl\/\/wp-content\/gallery\/b\/thumbs\/thumbs_film.jpg\"\/><\/a>\n\t\t\t\t<\/div>\n<div class=\"ngg-description\">\n<p>08.09.2013 w auli I LO im. Tadeusza Ko\u015bciuszki odby\u0142a si\u0119 projekcja filmu dokumentalnego, po\u015bwi\u0119conego Ksi\u0119dzu Brz\u00f3zce. <\/p>\n<p><strong>10<\/strong> Photos<\/p>\n<\/p><\/div>\n<\/p><\/div>\n<\/p><\/div>\n<div class=\"ngg-album\">\n<div class=\"ngg-albumtitle\"><a href=\"https:\/\/www.lukow-historia.pl\/?page_id=220&amp;album=1&amp;gallery=21\">\u015awi\u0119to Wojska Polskiego 2013<\/a><\/div>\n<div class=\"ngg-albumcontent\">\n<div class=\"ngg-thumbnail\">\n\t\t\t\t\t<a href=\"https:\/\/www.lukow-historia.pl\/?page_id=220&amp;album=1&amp;gallery=21\"><img class=\"Thumb\" alt=\"\u015awi\u0119to Wojska Polskiego 2013\" src=\"https:\/\/www.lukow-historia.pl\/\/wp-content\/gallery\/2013\/thumbs\/thumbs_9.jpg\"\/><\/a>\n\t\t\t\t<\/div>\n<div class=\"ngg-description\">\n<p>Po raz kolejny, \u0141uk\u00f3w hucznie obchodzi\u0142 \u015awi\u0119to Wojska Polskiego.<\/p>\n<p><strong>70<\/strong> Photos<\/p>\n<\/p><\/div>\n<\/p><\/div>\n<\/p><\/div>\n<div class=\"ngg-album\">\n<div class=\"ngg-albumtitle\"><a href=\"https:\/\/www.lukow-historia.pl\/?page_id=220&amp;album=1&amp;gallery=20\">Jagodne 1953 &#8211; 2013 PAMI\u0118TAMY!<\/a><\/div>\n<div class=\"ngg-albumcontent\">\n<div class=\"ngg-thumbnail\">\n\t\t\t\t\t<a href=\"https:\/\/www.lukow-historia.pl\/?page_id=220&amp;album=1&amp;gallery=20\"><img class=\"Thumb\" alt=\"Jagodne 1953 - 2013 PAMI\u0118TAMY!\" src=\"https:\/\/www.lukow-historia.pl\/\/wp-content\/gallery\/jag\/thumbs\/thumbs_jag8.jpg\"\/><\/a>\n\t\t\t\t<\/div>\n<div class=\"ngg-description\">\n<p>W dniu 11 sierpnia 2013 r. na rozdro\u017cu za miejscowo\u015bci\u0105 \u017bd\u017cary, odby\u0142a si\u0119 uroczysto\u015b\u0107 upami\u0119tniaj\u0105ca 60 rocznic\u0119 wysiedlenia miejscowo\u015bci Jagodne. Fotografie autorstwa Paw\u0142a Prze\u017adziaka.<\/p>\n<p><strong>14<\/strong> Photos<\/p>\n<\/p><\/div>\n<\/p><\/div>\n<\/p><\/div>\n<div class=\"ngg-album\">\n<div class=\"ngg-albumtitle\"><a href=\"https:\/\/www.lukow-historia.pl\/?page_id=220&amp;album=1&amp;gallery=19\">Dom Modlitwy<\/a><\/div>\n<div class=\"ngg-albumcontent\">\n<div class=\"ngg-thumbnail\">\n\t\t\t\t\t<a href=\"https:\/\/www.lukow-historia.pl\/?page_id=220&amp;album=1&amp;gallery=19\"><img class=\"Thumb\" alt=\"Dom Modlitwy\" src=\"https:\/\/www.lukow-historia.pl\/\/wp-content\/gallery\/dom\/thumbs\/thumbs_1.jpg\"\/><\/a>\n\t\t\t\t<\/div>\n<div class=\"ngg-description\">\n<p>Dawny \u017bydowski Dom Modlitwy znajduj\u0105cy si\u0119 przy ulicy Browarnej.<br \/>\nPo wojnie znajdowa\u0142y si\u0119 w nim biura P.S.S. Spo\u0142em.<br \/>\nDzi\u015b w op\u0142akanym stanie, powoli odchodzi w niepami\u0119\u0107. <\/p>\n<p><strong>29<\/strong> Photos<\/p>\n<\/p><\/div>\n<\/p><\/div>\n<\/p><\/div>\n<div class=\"ngg-album\">\n<div class=\"ngg-albumtitle\"><a href=\"https:\/\/www.lukow-historia.pl\/?page_id=220&amp;album=1&amp;gallery=15\">Dzie\u0144 dziecka 50+<\/a><\/div>\n<div class=\"ngg-albumcontent\">\n<div class=\"ngg-thumbnail\">\n\t\t\t\t\t<a href=\"https:\/\/www.lukow-historia.pl\/?page_id=220&amp;album=1&amp;gallery=15\"><img class=\"Thumb\" alt=\"Dzie\u0144 dziecka 50+\" src=\"https:\/\/www.lukow-historia.pl\/wp-content\/gallery\/50\/thumbs\/thumbs_dzien-dziecka-50-34.jpg\"\/><\/a>\n\t\t\t\t<\/div>\n<div class=\"ngg-description\">\n<p>W sobot\u0119 15.06.2013 r. przed dawnym kinem, odby\u0142a si\u0119 impreza &#8220;Dzie\u0144 dziecka 50+. &#8220;M\u0142odzi&#8221; \u0141ukowianie mieli okazj\u0119 powr\u00f3ci\u0107 do dni swojego dzieci\u0144stwa &#8230;<\/p>\n<p><strong>35<\/strong> Photos<\/p>\n<\/p><\/div>\n<\/p><\/div>\n<\/p><\/div>\n<div class=\"ngg-album\">\n<div class=\"ngg-albumtitle\"><a href=\"https:\/\/www.lukow-historia.pl\/?page_id=220&amp;album=1&amp;gallery=18\">Przegrani zwyci\u0119zcy z Ziemi \u0141ukowskiej<\/a><\/div>\n<div class=\"ngg-albumcontent\">\n<div class=\"ngg-thumbnail\">\n\t\t\t\t\t<a href=\"https:\/\/www.lukow-historia.pl\/?page_id=220&amp;album=1&amp;gallery=18\"><img class=\"Thumb\" alt=\"Przegrani zwyci\u0119zcy z Ziemi \u0141ukowskiej\" src=\"https:\/\/www.lukow-historia.pl\/wp-content\/gallery\/prz\/thumbs\/thumbs_przegrani06.jpg\"\/><\/a>\n\t\t\t\t<\/div>\n<div class=\"ngg-description\">\n<p>1 czerwca 2013 r., w Parku Miejskim, \u0141ukowianie t\u0142umnie uczestniczyli w uroczysto\u015bci ods\u0142oni\u0119cia kamienia z tablic\u0105 upami\u0119tniaj\u0105c\u0105 walcz\u0105cych na Zachodzie \u017co\u0142nierzy pochodz\u0105cych z Ziemi \u0141ukowskiej. Na kamieniu wyryto 47 nazwisk \u017co\u0142nierzy z \u0141ukowa i okolic, kt\u00f3rzy na Zachodzie bronili honoru Ojczyzny. G\u0142\u00f3wnym organizatorem i pomys\u0142odawc\u0105 postawienia kamienia jest Andrzej Zdrojewski. \u0179r\u00f3d\u0142o fotografii: serwis www.civitaslukoviensis.pl<\/p>\n<p><strong>12<\/strong> Photos<\/p>\n<\/p><\/div>\n<\/p><\/div>\n<\/p><\/div>\n<div class=\"ngg-album\">\n<div class=\"ngg-albumtitle\"><a href=\"https:\/\/www.lukow-historia.pl\/?page_id=220&amp;album=1&amp;gallery=3\">\u0141uk\u00f3w w starej fotografii<\/a><\/div>\n<div class=\"ngg-albumcontent\">\n<div class=\"ngg-thumbnail\">\n\t\t\t\t\t<a href=\"https:\/\/www.lukow-historia.pl\/?page_id=220&amp;album=1&amp;gallery=3\"><img class=\"Thumb\" alt=\"\u0141uk\u00f3w w starej fotografii\" src=\"https:\/\/www.lukow-historia.pl\/wp-content\/gallery\/lukow\/thumbs\/thumbs_got7.jpg\"\/><\/a>\n\t\t\t\t<\/div>\n<div class=\"ngg-description\">\n<p>Dnia 18.08.2012 r. po raz kolejny spotkali\u015bmy si\u0119 by podziwia\u0107 uroki dawnego \u0141ukowa. Tym razem pokaz odby\u0142 si\u0119 w bramie kamienicy pod adresem ulica Wyszy\u0144skiego 11.<\/p>\n<p><strong>7<\/strong> Photos<\/p>\n<\/p><\/div>\n<\/p><\/div>\n<\/p><\/div>\n<div class=\"ngg-album\">\n<div class=\"ngg-albumtitle\"><a href=\"https:\/\/www.lukow-historia.pl\/?page_id=220&amp;album=1&amp;gallery=1\">Ci, co przetrwali przeciwno\u015bci&#8230; &#8211; wystawa fotografii<\/a><\/div>\n<div class=\"ngg-albumcontent\">\n<div class=\"ngg-thumbnail\">\n\t\t\t\t\t<a href=\"https:\/\/www.lukow-historia.pl\/?page_id=220&amp;album=1&amp;gallery=1\"><img class=\"Thumb\" alt=\"Ci, co przetrwali przeciwno\u015bci... - wystawa fotografii\" src=\"https:\/\/www.lukow-historia.pl\/wp-content\/gallery\/wystawa\/thumbs\/thumbs_wystawa07.jpg\"\/><\/a>\n\t\t\t\t<\/div>\n<div class=\"ngg-description\">\n<p>W sali konferencyjnej Urz\u0119du Gminy w \u0141ukowie mo\u017cna ogl\u0105da\u0107 wystaw\u0119 unikatowych fotografii wykonanych w 1944r.  Fotografie zosta\u0142y udost\u0119pnione przez Pana Zbigniewa Nowosielskiego.<\/p>\n<p><strong>7<\/strong> Photos<\/p>\n<\/p><\/div>\n<\/p><\/div>\n<\/p><\/div>\n<div class=\"ngg-album\">\n<div class=\"ngg-albumtitle\"><a href=\"https:\/\/www.lukow-historia.pl\/?page_id=220&amp;album=1&amp;gallery=12\">\u015awi\u0119to Wojska Polskiego 2012 r.<\/a><\/div>\n<div class=\"ngg-albumcontent\">\n<div class=\"ngg-thumbnail\">\n\t\t\t\t\t<a href=\"https:\/\/www.lukow-historia.pl\/?page_id=220&amp;album=1&amp;gallery=12\"><img class=\"Thumb\" alt=\"\u015awi\u0119to Wojska Polskiego 2012 r.\" src=\"https:\/\/www.lukow-historia.pl\/wp-content\/gallery\/w\/thumbs\/thumbs_334573063303076.jpg\"\/><\/a>\n\t\t\t\t<\/div>\n<div class=\"ngg-description\">\n<p>Jak co roku 15 sierpnia \u0141uk\u00f3w obchodzi\u0142 \u015awi\u0119to Wojska Polskiego.<\/p>\n<p><strong>27<\/strong> Photos<\/p>\n<\/p><\/div>\n<\/p><\/div>\n<\/p><\/div>\n<div class=\"ngg-album\">\n<div class=\"ngg-albumtitle\"><a href=\"https:\/\/www.lukow-historia.pl\/?page_id=220&amp;album=1&amp;gallery=10\">Cmentarz Wojenny po majowej nawa\u0142nicy 2012 r.<\/a><\/div>\n<div class=\"ngg-albumcontent\">\n<div class=\"ngg-thumbnail\">\n\t\t\t\t\t<a href=\"https:\/\/www.lukow-historia.pl\/?page_id=220&amp;album=1&amp;gallery=10\"><img class=\"Thumb\" alt=\"Cmentarz Wojenny po majowej nawa\u0142nicy 2012 r.\" src=\"https:\/\/www.lukow-historia.pl\/wp-content\/gallery\/nawa\/thumbs\/thumbs_nawalnica-2012-09.jpg\"\/><\/a>\n\t\t\t\t<\/div>\n<div class=\"ngg-description\">\n<p>Dnia 04.05.2012 roku nad \u0141ukowem przesz\u0142a gwa\u0142towna burza. Wiele drzew ucierpia\u0142o od silnych podmuch\u00f3w wiatru. Ucierpia\u0142 r\u00f3wnie\u017c cmentarz wojenny na \u0141apiguzie.<\/p>\n<p><strong>9<\/strong> Photos<\/p>\n<\/p><\/div>\n<\/p><\/div>\n<\/p><\/div>\n<div class=\"ngg-album\">\n<div class=\"ngg-albumtitle\"><a href=\"https:\/\/www.lukow-historia.pl\/?page_id=220&amp;album=1&amp;gallery=11\">Remont kamienicy w kt\u00f3rej mieszka\u0142 dr Bronis\u0142aw Ch\u0105ci\u0144ski<\/a><\/div>\n<div class=\"ngg-albumcontent\">\n<div class=\"ngg-thumbnail\">\n\t\t\t\t\t<a href=\"https:\/\/www.lukow-historia.pl\/?page_id=220&amp;album=1&amp;gallery=11\"><img class=\"Thumb\" alt=\"Remont kamienicy w kt\u00f3rej mieszka\u0142 dr Bronis\u0142aw Ch\u0105ci\u0144ski\" src=\"https:\/\/www.lukow-historia.pl\/wp-content\/gallery\/kam\/thumbs\/thumbs_k4.jpg\"\/><\/a>\n\t\t\t\t<\/div>\n<div class=\"ngg-description\">\n<p>Kamienica przy ulicy Wyszy\u0144skiego, w 2011 roku przesz\u0142a remont elewacji. Dzi\u015b mo\u017cemy podziwia\u0107 efekty pracy.<\/p>\n<p><strong>10<\/strong> Photos<\/p>\n<\/p><\/div>\n<\/p><\/div>\n<\/p><\/div>\n<div class=\"ngg-album\">\n<div class=\"ngg-albumtitle\"><a href=\"https:\/\/www.lukow-historia.pl\/?page_id=220&amp;album=1&amp;gallery=22\">D\u0105b Ryszarda Kaszubskiego<\/a><\/div>\n<div class=\"ngg-albumcontent\">\n<div class=\"ngg-thumbnail\">\n\t\t\t\t\t<a href=\"https:\/\/www.lukow-historia.pl\/?page_id=220&amp;album=1&amp;gallery=22\"><img class=\"Thumb\" alt=\"D\u0105b Ryszarda Kaszubskiego\" src=\"https:\/\/www.lukow-historia.pl\/\/wp-content\/gallery\/rk\/thumbs\/thumbs_rk15.jpg\"\/><\/a>\n\t\t\t\t<\/div>\n<div class=\"ngg-description\">\n<p>19 kwietnia 2009 r. przed budynkiem Samodzielnego Publicznego Zak\u0142adu Opieki Zdrowotnej w \u0141ukowie zosta\u0142 posadzony d\u0105b pami\u0119ci dr med. Ryszarda Kaszubskiego.<br \/>\n\u0179r\u00f3d\u0142o: www.spzoz.lukow.pl<\/p>\n<p><strong>15<\/strong> Photos<\/p>\n<\/p><\/div>\n<\/p><\/div>\n<\/p><\/div>\n<p>\t<!-- Pagination --><\/p>\n<div class=\"ngg-clear\"><\/div>\n<\/div>\n","protected":false},"excerpt":{"rendered":"","protected":false},"author":1,"featured_media":0,"parent":0,"menu_order":0,"comment_status":"open","ping_status":"open","template":"","meta":[],"_links":{"self":[{"href":"https:\/\/www.lukow-historia.pl\/index.php?rest_route=\/wp\/v2\/pages\/220"}],"collection":[{"href":"https:\/\/www.lukow-historia.pl\/index.php?rest_route=\/wp\/v2\/pages"}],"about":[{"href":"https:\/\/www.lukow-historia.pl\/index.php?rest_route=\/wp\/v2\/types\/page"}],"author":[{"embeddable":true,"href":"https:\/\/www.lukow-historia.pl\/index.php?rest_route=\/wp\/v2\/users\/1"}],"replies":[{"embeddable":true,"href":"https:\/\/www.lukow-historia.pl\/index.php?rest_route=%2Fwp%2Fv2%2Fcomments&post=220"}],"version-history":[{"count":2,"href":"https:\/\/www.lukow-historia.pl\/index.php?rest_route=\/wp\/v2\/pages\/220\/revisions"}],"predecessor-version":[{"id":222,"href":"https:\/\/www.lukow-historia.pl\/index.php?rest_route=\/wp\/v2\/pages\/220\/revisions\/222"}],"wp:attachment":[{"href":"https:\/\/www.lukow-historia.pl\/index.php?rest_route=%2Fwp%2Fv2%2Fmedia&parent=220"}],"curies":[{"name":"wp","href":"https:\/\/api.w.org\/{rel}","templated":true}]}}