{"id":605,"date":"2013-04-08T19:28:18","date_gmt":"2013-04-08T17:28:18","guid":{"rendered":"http:\/\/www.lukow-historia.pl\/?page_id=605"},"modified":"2018-06-23T14:07:09","modified_gmt":"2018-06-23T12:07:09","slug":"filmoteka","status":"publish","type":"page","link":"https:\/\/www.lukow-historia.pl\/?page_id=605","title":{"rendered":"Filmoteka"},"content":{"rendered":"<div class=\"titled_box\">\n<h6 class=\"titled_box_title silver\"><span>\u0141uk\u00f3w &#8211; Marzec 1940 r.<\/span><\/h6>\n<div class=\"titled_box_content\">\n<p style=\"text-align: center\"><iframe loading=\"lazy\" width=\"480\" height=\"270\" src=\"https:\/\/www.youtube.com\/embed\/0_gRRXHCrgg?rel=0\" frameborder=\"0\" allowfullscreen><\/iframe><\/p>\n<p>\u0141uk\u00f3w wiosn\u0105 1940 r.<br \/>\nFilm zosta\u0142 nakr\u0119cony przez niemieckiego chirurga Dr. Wilhelma Mersmanna w marcu 1940 r., kt\u00f3ry przemierza\u0142 tereny Generalnej Guberni zbieraj\u0105c materia\u0142y do film\u00f3w propagandowych. <\/p>\n<ul class=\"fancy_list\">\n<li class=\"bullet_list\">Autor: Dr. Wilhelma Mersmanna<\/li>\n<li class=\"bullet_list\">\u0179r\u00f3d\u0142o: Archiwum Karla Hoeffkesa. [ AKH &#8211; Agentur Karl Hoffkes ]<\/li>\n<\/ul>\n<\/div>\n<\/div>\n<div class=\"titled_box\">\n<h6 class=\"titled_box_title silver\"><span>\u0141uk\u00f3w 1957 r. &#8211; Polska Kronika Filmowa<\/span><\/h6>\n<div class=\"titled_box_content\">\n<p style=\"text-align: center\"><iframe loading=\"lazy\" width=\"480\" height=\"270\" src=\"https:\/\/www.youtube.com\/embed\/VEbaW1B6u-4?rel=0&amp;showinfo=0\" frameborder=\"0\" allowfullscreen><\/iframe><\/p>\n<p>\u0141uk\u00f3w w 1957 roku.<\/p>\n<p>Dokument zrealizowany przez Wytw\u00f3rni\u0119 film\u00f3w dokumentalnych i fabularnych (WFDiF) na rzecz PKF. Dokument 51\/57 wydanie B. <\/p>\n<ul class=\"fancy_list\">\n<li class=\"bullet_list\">Monta\u017c: W. Kazimierczak<\/li>\n<li class=\"bullet_list\">Tekst: W. G\u00f3rnicki<\/li>\n<li class=\"bullet_list\">Czyta: W. Kmicik<\/li>\n<li class=\"bullet_list\">Opracowanie d\u017awi\u0119kowe: R. Sulewski<\/li>\n<li class=\"bullet_list\">Zdj\u0119cia: R. Golc<\/li>\n<li class=\"bullet_list\">\u0179r\u00f3d\u0142o: Archiwum Polskiej Kroniki Filmowej (1944-1995)<\/li>\n<\/ul>\n<\/div>\n<\/div>\n<div class=\"titled_box\">\n<h6 class=\"titled_box_title silver\"><span>\u0141uk\u00f3w 1961 r. &#8211; Konfrontacje &#8211; Polska Kronika Filmowa<\/span><\/h6>\n<div class=\"titled_box_content\">\n<p style=\"text-align: center\"><iframe loading=\"lazy\" width=\"480\" height=\"270\" src=\"https:\/\/www.youtube.com\/embed\/LYBg8kC5kkI?rel=0&amp;showinfo=0\" frameborder=\"0\" allowfullscreen><\/iframe><\/p>\n<p>\u0141uk\u00f3w w 1961 roku.<\/p>\n<p>Dokument zrealizowany przez Wytw\u00f3rni\u0119 film\u00f3w dokumentalnych i fabularnych (WFDiF) na rzecz PKF. Dokument 14\/61 wydanie A. <\/p>\n<ul class=\"fancy_list\">\n<li class=\"bullet_list\">Monta\u017c: W. Kazimierczak<\/li>\n<li class=\"bullet_list\">Tekst: J. Kasprzycki<\/li>\n<li class=\"bullet_list\">Czyta: W. Kmicik<\/li>\n<li class=\"bullet_list\">Opracowanie d\u017awi\u0119kowe: M. Lusztig<\/li>\n<li class=\"bullet_list\">Zdj\u0119cia: R. Golc, Z. Karpowicz<\/li>\n<li class=\"bullet_list\">\u0179r\u00f3d\u0142o: Archiwum Polskiej Kroniki Filmowej (1944-1995)<\/li>\n<\/ul>\n<\/div>\n<\/div>\n<div class=\"titled_box\">\n<h6 class=\"titled_box_title silver\"><span>\u0141uk\u00f3w 1970 r. &#8211; \u0141ukowianki &#8211; Polska Kronika Filmowa<\/span><\/h6>\n<div class=\"titled_box_content\">\n<p style=\"text-align: center\"><iframe loading=\"lazy\" width=\"480\" height=\"270\" src=\"https:\/\/www.youtube.com\/embed\/FfaJ1PEdUt0?rel=0\" frameborder=\"0\" allowfullscreen><\/iframe><\/p>\n<p>\u0141uk\u00f3w w 1970 roku.<\/p>\n<p>Dokument zrealizowany przez Wytw\u00f3rni\u0119 film\u00f3w dokumentalnych i fabularnych (WFDiF) na rzecz PKF. Dokument 39\/70 wydanie A. <\/p>\n<ul class=\"fancy_list\">\n<li class=\"bullet_list\">Redakcja: M. Gardowski<\/li>\n<li class=\"bullet_list\">Monta\u017c: M. Czo\u0142nik<\/li>\n<li class=\"bullet_list\">Tekst: K. Ma\u0142cu\u017cy\u0144ski<\/li>\n<li class=\"bullet_list\">Czyta: W. Kmicik<\/li>\n<li class=\"bullet_list\">Opracowanie d\u017awi\u0119kowe: M. Lusztig<\/li>\n<li class=\"bullet_list\">Zdj\u0119cia: J. Ku\u017aniarski, J Mieros\u0142awski<\/li>\n<li class=\"bullet_list\">\u0179r\u00f3d\u0142o: Archiwum Polskiej Kroniki Filmowej (1944-1995)<\/li>\n<\/ul>\n<\/div>\n<\/div>\n<div class=\"titled_box\">\n<h6 class=\"titled_box_title silver\"><span>\u0141uk\u00f3w 1970 r.<\/span><\/h6>\n<div class=\"titled_box_content\">\n<p style=\"text-align: center\"><iframe loading=\"lazy\" width=\"480\" height=\"270\" src=\"https:\/\/www.youtube.com\/embed\/w_Zzr03evh0?rel=0&amp;showinfo=0\" frameborder=\"0\" allowfullscreen><\/iframe><\/p>\n<p>\u0141uk\u00f3w w 1970 roku.<\/p>\n<ul class=\"fancy_list\">\n<li class=\"bullet_list\">Monta\u017c i realizacja: Telewizja Master TV<\/li>\n<li class=\"bullet_list\">\u0179r\u00f3d\u0142o: Telewizja Master TV<\/li>\n<\/ul>\n<\/div>\n<\/div>\n<div class=\"titled_box\">\n<h6 class=\"titled_box_title silver\"><span>\u0141uk\u00f3w 1990 r. &#8211; Tama &#8211; Polska Kronika Filmowa <\/span><\/h6>\n<div class=\"titled_box_content\">\n<p style=\"text-align: center\"><iframe loading=\"lazy\" width=\"480\" height=\"270\" src=\"https:\/\/www.youtube.com\/embed\/Qcr-qHm9hv0?rel=0&amp;showinfo=0\" frameborder=\"0\" allowfullscreen><\/iframe><\/p>\n<p>Okr\u0119gowa Sp\u00f3\u0142dzielnia Mleczarska w \u0141ukowie. 1990 rok.<\/p>\n<p>Fragment Polskiej Kroniki Filmowej nr 16 z 17 kwietnia 1990 r.<\/p>\n<p>Dokument zrealizowany przez przez Wytw\u00f3rni\u0119 film\u00f3w dokumentalnych i fabularnych (WFDiF) na rzecz PKF.<\/p>\n<ul class=\"fancy_list\">\n<li class=\"bullet_list\">Redakcja: Janusz K\u0119dzierzawski<\/li>\n<li class=\"bullet_list\">Monta\u017c: Irena Jasi\u0144ska<\/li>\n<li class=\"bullet_list\">Tekst: Edward Miko\u0142ajczyk<\/li>\n<li class=\"bullet_list\">Czyta: Jerzy Roso\u0142owski<\/li>\n<li class=\"bullet_list\">Opracowanie d\u017awi\u0119kowe: Marta Broczkowska<\/li>\n<li class=\"bullet_list\">Zdj\u0119cia: El\u017cbieta Zawistowska<\/li>\n<li class=\"bullet_list\">Realizacja: Bogdan Saganowski<\/li>\n<li class=\"bullet_list\">\u0179r\u00f3d\u0142o: Archiwum Polskiej Kroniki Filmowej (1944-1995)<\/li>\n<\/ul>\n<\/div>\n<\/div>\n<div class=\"titled_box\">\n<h6 class=\"titled_box_title silver\"><span>Kino OAZA<\/span><\/h6>\n<div class=\"titled_box_content\">\n<p style=\"text-align: center\"><iframe loading=\"lazy\" width=\"480\" height=\"270\" src=\"https:\/\/www.youtube.com\/embed\/PdyP_5xUCXU?rel=0&amp;showinfo=0\" frameborder=\"0\" allowfullscreen><\/iframe><\/p>\n<p>Wspomnienie kina &#8220;OAZA&#8221;<\/p>\n<ul class=\"fancy_list\">\n<li class=\"bullet_list\">Zdj\u0119cia: Marek Doma\u0144ski, Romuald Pawlak, Pawe\u0142 Prze\u017adziak<\/li>\n<li class=\"bullet_list\">Zdj\u0119cia archiwalne: Kolekcja prywatna Andrzeja Zdrojewskiego<\/li>\n<li class=\"bullet_list\">Tekst: \u0141ukowski O\u015brodek Kultury<\/li>\n<li class=\"bullet_list\">Realizacja: \u0141uk\u00f3w2020.pl<\/li>\n<\/ul>\n<\/div>\n<\/div>\n<div class=\"titled_box\">\n<h6 class=\"titled_box_title silver\"><span>\u0141uk\u00f3w 1997 i 2010<\/span><\/h6>\n<div class=\"titled_box_content\">\n<p style=\"text-align: center\"><iframe loading=\"lazy\" width=\"480\" height=\"270\" src=\"https:\/\/www.youtube.com\/embed\/_HcYszUpN8Q?rel=0&amp;showinfo=0\" frameborder=\"0\" allowfullscreen><\/iframe><\/p>\n<p>Wycieczka po \u0141ukowie w 1997 i 2010 roku<\/p>\n<ul class=\"fancy_list\">\n<li class=\"bullet_list\">Realizacja: Telewizja MasterTV<\/li>\n<li class=\"bullet_list\">\u0179r\u00f3d\u0142o: Telewizja Master TV<\/li>\n<ul class=\"fancy_list\">\n<\/div>\n<\/div>\n<div class=\"titled_box\">\n<h6 class=\"titled_box_title silver\"><span>Tak by\u0142o #1<\/span><\/h6>\n<div class=\"titled_box_content\">\n<p style=\"text-align: center\"><iframe loading=\"lazy\" width=\"480\" height=\"270\" src=\"https:\/\/www.youtube.com\/embed\/bIJ67ruihgU?rel=0&amp;showinfo=0\" frameborder=\"0\" allowfullscreen><\/iframe><\/p>\n<p>Historia \u0142ukowskiej kolei.<\/p>\n<ul class=\"fancy_list\">\n<li class=\"bullet_list\">Zdj\u0119cia, monta\u017c: Artur Gajo<\/li>\n<li class=\"bullet_list\">Scenariusz, realizacja produkcji, prowadz\u0105cy i autor programu: Bartosz Le\u015bkiewicz<\/li>\n<li class=\"bullet_list\">Produkcja: Magnes TV<\/li>\n<\/ul>\n<\/div>\n<\/div>\n<div class=\"titled_box\">\n<h6 class=\"titled_box_title silver\"><span>Tak by\u0142o #2<\/span><\/h6>\n<div class=\"titled_box_content\">\n<p style=\"text-align: center\"><iframe loading=\"lazy\" width=\"480\" height=\"270\" src=\"https:\/\/www.youtube.com\/embed\/-lsh3dcsdgw?rel=0&amp;showinfo=0\" frameborder=\"0\" allowfullscreen><\/iframe><\/p>\n<p>Historia budynku Miejskiej Biblioteki Publicznej w \u0141ukowie.<\/p>\n<ul class=\"fancy_list\">\n<li class=\"bullet_list\">Zdj\u0119cia, monta\u017c: Artur Gajo<\/li>\n<li class=\"bullet_list\">Scenariusz, realizacja produkcji, prowadz\u0105cy i autor programu: Bartosz Le\u015bkiewicz<\/li>\n<li class=\"bullet_list\">Produkcja: Magnes TV<\/li>\n<\/ul>\n<\/div>\n<\/div>\n<div class=\"titled_box\">\n<h6 class=\"titled_box_title silver\"><span>Tak by\u0142o #3<\/span><\/h6>\n<div class=\"titled_box_content\">\n<p style=\"text-align: center\"><iframe loading=\"lazy\" width=\"480\" height=\"270\" src=\"https:\/\/www.youtube.com\/embed\/LE_Y20aB5IY?rel=0&amp;showinfo=0\" frameborder=\"0\" allowfullscreen><\/iframe><\/p>\n<p>\u0141ukowska biblioteka. <\/p>\n<ul class=\"fancy_list\">\n<li class=\"bullet_list\">Zdj\u0119cia, monta\u017c: Artur Gajo<\/li>\n<li class=\"bullet_list\">Scenariusz, realizacja produkcji, prowadz\u0105cy i autor programu: Bartosz Le\u015bkiewicz<\/li>\n<li class=\"bullet_list\">Produkcja: Magnes TV<\/li>\n<\/ul>\n<\/div>\n<\/div>\n<div class=\"titled_box\">\n<h6 class=\"titled_box_title silver\"><span>Tak by\u0142o #4<\/span><\/h6>\n<div class=\"titled_box_content\">\n<p style=\"text-align: center\"><iframe loading=\"lazy\" width=\"480\" height=\"270\" src=\"https:\/\/www.youtube.com\/embed\/e7TYNBv7c7U?rel=0&amp;showinfo=0\" frameborder=\"0\" allowfullscreen><\/iframe><\/p>\n<p>\u0141ukowskie rzemios\u0142o.<\/p>\n<ul class=\"fancy_list\">\n<li class=\"bullet_list\">Zdj\u0119cia, monta\u017c: Artur Gajo<\/li>\n<li class=\"bullet_list\">Scenariusz, realizacja produkcji, prowadz\u0105cy i autor programu: Bartosz Le\u015bkiewicz<\/li>\n<li class=\"bullet_list\">Produkcja: Magnes TV<\/li>\n<\/ul>\n<\/div>\n<\/div>\n<p>&#8212;<\/p>\n<div class=\"titled_box\">\n<h6 class=\"titled_box_title silver\"><span>Tak by\u0142o #5<\/span><\/h6>\n<div class=\"titled_box_content\">\n<p style=\"text-align: center\"><iframe loading=\"lazy\" width=\"480\" height=\"270\" src=\"https:\/\/www.youtube.com\/embed\/Ue4Fj-Yxtng?rel=0\" frameborder=\"0\" allowfullscreen><\/iframe><\/p>\n<p>Religie Ziemi \u0141ukowskiej. cz. 1.<\/p>\n<ul class=\"fancy_list\">\n<li class=\"bullet_list\">Zdj\u0119cia, monta\u017c: Artur Gajo<\/li>\n<li class=\"bullet_list\">Scenariusz, realizacja produkcji, prowadz\u0105cy i autor programu: Bartosz Le\u015bkiewicz<\/li>\n<li class=\"bullet_list\">Produkcja: Magnes TV<\/li>\n<\/ul>\n<\/div>\n<\/div>\n<div class=\"titled_box\">\n<h6 class=\"titled_box_title silver\"><span>Tak by\u0142o #6<\/span><\/h6>\n<div class=\"titled_box_content\">\n<p style=\"text-align: center\"><iframe loading=\"lazy\" width=\"480\" height=\"270\" src=\"https:\/\/www.youtube.com\/embed\/Dnm11uh6UiU?rel=0\" frameborder=\"0\" allowfullscreen><\/iframe><\/p>\n<p>Religie Ziemi \u0141ukowskiej. cz. 2.<\/p>\n<ul class=\"fancy_list\">\n<li class=\"bullet_list\">Zdj\u0119cia, monta\u017c: Artur Gajo<\/li>\n<li class=\"bullet_list\">Scenariusz, realizacja produkcji, prowadz\u0105cy i autor programu: Bartosz Le\u015bkiewicz<\/li>\n<li class=\"bullet_list\">Produkcja: Magnes TV<\/li>\n<\/ul>\n<\/div>\n<\/div>\n<div class=\"titled_box\">\n<h6 class=\"titled_box_title silver\"><span>Tak by\u0142o #7<\/span><\/h6>\n<div class=\"titled_box_content\">\n<p style=\"text-align: center\"><iframe loading=\"lazy\" width=\"480\" height=\"270\" src=\"https:\/\/www.youtube.com\/embed\/bCXCDOuBZIA?rel=0\" frameborder=\"0\" allowfullscreen><\/iframe><\/p>\n<p>Religie Ziemi \u0141ukowskiej. cz. 3.<\/p>\n<ul class=\"fancy_list\">\n<li class=\"bullet_list\">Zdj\u0119cia, monta\u017c: Artur Gajo<\/li>\n<li class=\"bullet_list\">Scenariusz, realizacja produkcji, prowadz\u0105cy i autor programu: Bartosz Le\u015bkiewicz<\/li>\n<li class=\"bullet_list\">Produkcja: Magnes TV<\/li>\n<\/ul>\n<\/div>\n<\/div>\n<div class=\"titled_box\">\n<h6 class=\"titled_box_title silver\"><span>Tak by\u0142o #8<\/span><\/h6>\n<div class=\"titled_box_content\">\n<p style=\"text-align: center\"><iframe loading=\"lazy\" width=\"480\" height=\"270\" src=\"https:\/\/www.youtube.com\/embed\/ZPiRYQL6sDA?rel=0\" frameborder=\"0\" allowfullscreen><\/iframe><\/p>\n<p>Religie Ziemi \u0141ukowskiej. cz. 4.<\/p>\n<ul class=\"fancy_list\">\n<li class=\"bullet_list\">Zdj\u0119cia, monta\u017c: Artur Gajo<\/li>\n<li class=\"bullet_list\">Scenariusz, realizacja produkcji, prowadz\u0105cy i autor programu: Bartosz Le\u015bkiewicz<\/li>\n<li class=\"bullet_list\">Produkcja: Magnes TV<\/li>\n<\/ul>\n<\/div>\n<\/div>\n<div class=\"titled_box\">\n<h6 class=\"titled_box_title silver\"><span>Tak by\u0142o #9<\/span><\/h6>\n<div class=\"titled_box_content\">\n<p style=\"text-align: center\"><iframe loading=\"lazy\" width=\"480\" height=\"270\" src=\"https:\/\/www.youtube.com\/embed\/uhJSp0SdiD0?rel=0\" frameborder=\"0\" allowfullscreen><\/iframe><\/p>\n<p>Browary rodem z \u0141ukowa.<\/p>\n<ul class=\"fancy_list\">\n<li class=\"bullet_list\">Zdj\u0119cia, monta\u017c: Artur Gajo<\/li>\n<li class=\"bullet_list\">Scenariusz, realizacja produkcji, prowadz\u0105cy i autor programu: Bartosz Le\u015bkiewicz<\/li>\n<li class=\"bullet_list\">Produkcja: Magnes TV<\/li>\n<\/ul>\n<\/div>\n<\/div>\n<div class=\"titled_box\">\n<h6 class=\"titled_box_title silver\"><span>Tak by\u0142o #10<\/span><\/h6>\n<div class=\"titled_box_content\">\n<p style=\"text-align: center\"><iframe loading=\"lazy\" width=\"480\" height=\"270\" src=\"https:\/\/www.youtube.com\/embed\/nz7uue2QyD4?rel=0\" frameborder=\"0\" allowfullscreen><\/iframe><\/p>\n<p>Warszawska 18.<\/p>\n<ul class=\"fancy_list\">\n<li class=\"bullet_list\">Zdj\u0119cia, monta\u017c: Artur Gajo<\/li>\n<li class=\"bullet_list\">Scenariusz, realizacja produkcji, prowadz\u0105cy i autor programu: Bartosz Le\u015bkiewicz<\/li>\n<li class=\"bullet_list\">Produkcja: Magnes TV<\/li>\n<\/ul>\n<\/div>\n<\/div>\n<div class=\"titled_box\">\n<h6 class=\"titled_box_title silver\"><span>Tak by\u0142o #11<\/span><\/h6>\n<div class=\"titled_box_content\">\n<p style=\"text-align: center\"><iframe loading=\"lazy\" width=\"480\" height=\"270\" src=\"https:\/\/www.youtube.com\/embed\/m2zor7ohkCM?rel=0\" frameborder=\"0\" gesture=\"media\" allow=\"encrypted-media\" allowfullscreen><\/iframe><\/p>\n<p>\u0141a\u017ania i rze\u017ania w \u0141ukowie.<\/p>\n<ul class=\"fancy_list\">\n<li class=\"bullet_list\">Zdj\u0119cia, monta\u017c: Artur Gajo<\/li>\n<li class=\"bullet_list\">Scenariusz, realizacja produkcji, prowadz\u0105cy i autor programu: Bartosz Le\u015bkiewicz<\/li>\n<li class=\"bullet_list\">Produkcja: Magnes TV<\/li>\n<\/ul>\n<\/div>\n<\/div>\n<div class=\"titled_box\">\n<h6 class=\"titled_box_title silver\"><span>Tak by\u0142o #12<\/span><\/h6>\n<div class=\"titled_box_content\">\n<p style=\"text-align: center\"><iframe loading=\"lazy\" width=\"480\" height=\"270\" src=\"https:\/\/www.youtube.com\/embed\/jhJWfx2Nuz4?rel=0\" frameborder=\"0\" gesture=\"media\" allow=\"encrypted-media\" allowfullscreen><\/iframe><\/p>\n<p>Historia Magistratu w \u0141ukowie.<\/p>\n<ul class=\"fancy_list\">\n<li class=\"bullet_list\">Zdj\u0119cia, monta\u017c: Artur Gajo<\/li>\n<li class=\"bullet_list\">Scenariusz, realizacja produkcji, prowadz\u0105cy i autor programu: Bartosz Le\u015bkiewicz<\/li>\n<li class=\"bullet_list\">Produkcja: Magnes TV<\/li>\n<\/ul>\n<\/div>\n<\/div>\n<div class=\"titled_box\">\n<h6 class=\"titled_box_title silver\"><span>Tak by\u0142o #13<\/span><\/h6>\n<div class=\"titled_box_content\">\n<p style=\"text-align: center\"><iframe loading=\"lazy\" width=\"480\" height=\"270\" src=\"https:\/\/www.youtube.com\/embed\/v4PcvyzMhRY\" frameborder=\"0\" allow=\"autoplay; encrypted-media\" allowfullscreen><\/iframe><\/p>\n<p>Szko\u0142a ogrodnicza.<\/p>\n<ul class=\"fancy_list\">\n<li class=\"bullet_list\">Zdj\u0119cia, monta\u017c: Artur Gajo<\/li>\n<li class=\"bullet_list\">Scenariusz, realizacja produkcji, prowadz\u0105cy i autor programu: Bartosz Le\u015bkiewicz<\/li>\n<li class=\"bullet_list\">Produkcja: Magnes TV<\/li>\n<\/ul>\n<\/div>\n<\/div>\n<div class=\"titled_box\">\n<h6 class=\"titled_box_title silver\"><span>Tak by\u0142o #14<\/span><\/h6>\n<div class=\"titled_box_content\"><iframe loading=\"lazy\" width=\"480\" height=\"270\" src=\"https:\/\/www.youtube.com\/embed\/SkJWlaSoDUQ\" frameborder=\"0\" allow=\"autoplay; encrypted-media\" allowfullscreen><\/iframe><\/p>\n<p>700 lecie \u0141ukowa.<\/p>\n<ul class=\"fancy_list\">\n<li class=\"bullet_list\">Zdj\u0119cia, monta\u017c: Artur Gajo<\/li>\n<li class=\"bullet_list\">Scenariusz, realizacja produkcji, prowadz\u0105cy i autor programu: Bartosz Le\u015bkiewicz<\/li>\n<li class=\"bullet_list\">Produkcja: Magnes TV<\/li>\n<\/ul>\n<\/div>\n<\/div>\n<div class=\"titled_box\">\n<h6 class=\"titled_box_title silver\"><span>Tak by\u0142o #15<\/span><\/h6>\n<div class=\"titled_box_content\"><iframe loading=\"lazy\" width=\"480\" height=\"270\" src=\"https:\/\/www.youtube.com\/embed\/PobmNYoCj2o\" frameborder=\"0\" allow=\"autoplay; encrypted-media\" allowfullscreen><\/iframe><\/p>\n<p>\u0141ukowski park.<\/p>\n<ul class=\"fancy_list\">\n<li class=\"bullet_list\">Zdj\u0119cia, monta\u017c: Artur Gajo<\/li>\n<li class=\"bullet_list\">Scenariusz, realizacja produkcji, prowadz\u0105cy i autor programu: Bartosz Le\u015bkiewicz<\/li>\n<li class=\"bullet_list\">Produkcja: Magnes TV<\/li>\n<\/ul>\n<\/div>\n<\/div>\n<div class=\"titled_box\">\n<h6 class=\"titled_box_title silver\"><span>Tak by\u0142o #16<\/span><\/h6>\n<div class=\"titled_box_content\"><iframe loading=\"lazy\" width=\"480\" height=\"270\" src=\"https:\/\/www.youtube.com\/embed\/18EQ43QoxoM\" frameborder=\"0\" allow=\"autoplay; encrypted-media\" allowfullscreen><\/iframe><\/p>\n<p>Powstanie styczniowe.<\/p>\n<ul class=\"fancy_list\">\n<li class=\"bullet_list\">Zdj\u0119cia, monta\u017c: Artur Gajo<\/li>\n<li class=\"bullet_list\">Scenariusz, realizacja produkcji, prowadz\u0105cy i autor programu: Bartosz Le\u015bkiewicz<\/li>\n<li class=\"bullet_list\">Produkcja: Magnes TV<\/li>\n<\/ul>\n<\/div>\n<\/div>\n<div class=\"titled_box\">\n<h6 class=\"titled_box_title silver\"><span>Tak by\u0142o #17<\/span><\/h6>\n<div class=\"titled_box_content\"><iframe loading=\"lazy\" width=\"480\" height=\"270\" src=\"https:\/\/www.youtube.com\/embed\/nRfSQQuWBeE\" frameborder=\"0\" allow=\"autoplay; encrypted-media\" allowfullscreen><\/iframe><\/p>\n<p>Ks. Brz\u00f3ska.<\/p>\n<ul class=\"fancy_list\">\n<li class=\"bullet_list\">Zdj\u0119cia, monta\u017c: Artur Gajo<\/li>\n<li class=\"bullet_list\">Scenariusz, realizacja produkcji, prowadz\u0105cy i autor programu: Bartosz Le\u015bkiewicz<\/li>\n<li class=\"bullet_list\">Produkcja: Magnes TV<\/li>\n<\/ul>\n<\/div>\n<\/div>\n<div class=\"titled_box\">\n<h6 class=\"titled_box_title silver\"><span>Tak by\u0142o #18<\/span><\/h6>\n<div class=\"titled_box_content\"><iframe loading=\"lazy\" width=\"480\" height=\"270\" src=\"https:\/\/www.youtube.com\/embed\/BwXqiLk2-L8\" frameborder=\"0\" allow=\"autoplay; encrypted-media\" allowfullscreen><\/iframe><\/p>\n<p>Lato 1944 w \u0141ukowie.<\/p>\n<ul class=\"fancy_list\">\n<li class=\"bullet_list\">Zdj\u0119cia, monta\u017c: Artur Gajo<\/li>\n<li class=\"bullet_list\">Scenariusz, realizacja produkcji, prowadz\u0105cy i autor programu: Bartosz Le\u015bkiewicz<\/li>\n<li class=\"bullet_list\">Produkcja: Magnes TV<\/li>\n<\/ul>\n<\/div>\n<\/div>\n<div class=\"titled_box\">\n<h6 class=\"titled_box_title silver\"><span>Tak by\u0142o #19<\/span><\/h6>\n<div class=\"titled_box_content\"><iframe loading=\"lazy\" width=\"480\" height=\"270\" src=\"https:\/\/www.youtube.com\/embed\/mnAWJfXxSY4\" frameborder=\"0\" allow=\"autoplay; encrypted-media\" allowfullscreen><\/iframe><\/p>\n<p>Deportacja Jagodnego.<\/p>\n<ul class=\"fancy_list\">\n<li class=\"bullet_list\">Zdj\u0119cia, monta\u017c: Artur Gajo<\/li>\n<li class=\"bullet_list\">Scenariusz, realizacja produkcji, prowadz\u0105cy i autor programu: Bartosz Le\u015bkiewicz<\/li>\n<li class=\"bullet_list\">Produkcja: Magnes TV<\/li>\n<\/ul>\n<\/div>\n<\/div>\n<div class=\"titled_box\">\n<h6 class=\"titled_box_title silver\"><span>Tak by\u0142o #20<\/span><\/h6>\n<div class=\"titled_box_content\"><iframe loading=\"lazy\" width=\"480\" height=\"270\" src=\"https:\/\/www.youtube.com\/embed\/QbuTDRijdN8\" frameborder=\"0\" allow=\"autoplay; encrypted-media\" allowfullscreen><\/iframe><\/p>\n<p>Tajemnica \u0142ukowskich podziemi odcinek specjalny.<\/p>\n<ul class=\"fancy_list\">\n<li class=\"bullet_list\">Zdj\u0119cia, monta\u017c: Artur Gajo<\/li>\n<li class=\"bullet_list\">Scenariusz, realizacja produkcji, prowadz\u0105cy i autor programu: Bartosz Le\u015bkiewicz<\/li>\n<li class=\"bullet_list\">Produkcja: Magnes TV<\/li>\n<\/ul>\n<\/div>\n<\/div>\n<div class=\"titled_box\">\n<h6 class=\"titled_box_title silver\"><span>Tak by\u0142o #21<\/span><\/h6>\n<div class=\"titled_box_content\"><iframe loading=\"lazy\" width=\"480\" height=\"270\" src=\"https:\/\/www.youtube.com\/embed\/b4YPEmrE5Zs\" frameborder=\"0\" allow=\"autoplay; encrypted-media\" allowfullscreen><\/iframe><\/p>\n<p>Bo\u017cena Kurowska.<\/p>\n<ul class=\"fancy_list\">\n<li class=\"bullet_list\">Zdj\u0119cia, monta\u017c: Artur Gajo<\/li>\n<li class=\"bullet_list\">Scenariusz, realizacja produkcji, prowadz\u0105cy i autor programu: Bartosz Le\u015bkiewicz<\/li>\n<li class=\"bullet_list\">Produkcja: Magnes TV<\/li>\n<\/ul>\n<\/div>\n<\/div>\n<div class=\"titled_box\">\n<h6 class=\"titled_box_title silver\"><span>Tak by\u0142o #22<\/span><\/h6>\n<div class=\"titled_box_content\"><iframe loading=\"lazy\" width=\"480\" height=\"270\" src=\"https:\/\/www.youtube.com\/embed\/yEX1eSUS7HE\" frameborder=\"0\" allow=\"autoplay; encrypted-media\" allowfullscreen><\/iframe><\/p>\n<p>Karol Levittoux.<\/p>\n<ul class=\"fancy_list\">\n<li class=\"bullet_list\">Zdj\u0119cia, monta\u017c: Artur Gajo<\/li>\n<li class=\"bullet_list\">Scenariusz, realizacja produkcji, prowadz\u0105cy i autor programu: Bartosz Le\u015bkiewicz<\/li>\n<li class=\"bullet_list\">Produkcja: Magnes TV<\/li>\n<\/ul>\n<\/div>\n<\/div>\n<div class=\"titled_box\">\n<h6 class=\"titled_box_title silver\"><span>Tak by\u0142o #23<\/span><\/h6>\n<div class=\"titled_box_content\"><iframe loading=\"lazy\" width=\"480\" height=\"270\" src=\"https:\/\/www.youtube.com\/embed\/n32TzDYiw6o\" frameborder=\"0\" allow=\"autoplay; encrypted-media\" allowfullscreen><\/iframe><\/p>\n<p>Jerzy Walerian Skolimowski.<\/p>\n<ul class=\"fancy_list\">\n<li class=\"bullet_list\">Zdj\u0119cia, monta\u017c: Artur Gajo<\/li>\n<li class=\"bullet_list\">Scenariusz, realizacja produkcji, prowadz\u0105cy i autor programu: Bartosz Le\u015bkiewicz<\/li>\n<li class=\"bullet_list\">Produkcja: Magnes TV<\/li>\n<\/ul>\n<\/div>\n<\/div>\n","protected":false},"excerpt":{"rendered":"<p>&#8212;<\/p>\n","protected":false},"author":1,"featured_media":939,"parent":0,"menu_order":0,"comment_status":"open","ping_status":"open","template":"","meta":[],"_links":{"self":[{"href":"https:\/\/www.lukow-historia.pl\/index.php?rest_route=\/wp\/v2\/pages\/605"}],"collection":[{"href":"https:\/\/www.lukow-historia.pl\/index.php?rest_route=\/wp\/v2\/pages"}],"about":[{"href":"https:\/\/www.lukow-historia.pl\/index.php?rest_route=\/wp\/v2\/types\/page"}],"author":[{"embeddable":true,"href":"https:\/\/www.lukow-historia.pl\/index.php?rest_route=\/wp\/v2\/users\/1"}],"replies":[{"embeddable":true,"href":"https:\/\/www.lukow-historia.pl\/index.php?rest_route=%2Fwp%2Fv2%2Fcomments&post=605"}],"version-history":[{"count":56,"href":"https:\/\/www.lukow-historia.pl\/index.php?rest_route=\/wp\/v2\/pages\/605\/revisions"}],"predecessor-version":[{"id":6775,"href":"https:\/\/www.lukow-historia.pl\/index.php?rest_route=\/wp\/v2\/pages\/605\/revisions\/6775"}],"wp:featuredmedia":[{"embeddable":true,"href":"https:\/\/www.lukow-historia.pl\/index.php?rest_route=\/wp\/v2\/media\/939"}],"wp:attachment":[{"href":"https:\/\/www.lukow-historia.pl\/index.php?rest_route=%2Fwp%2Fv2%2Fmedia&parent=605"}],"curies":[{"name":"wp","href":"https:\/\/api.w.org\/{rel}","templated":true}]}}