{"id":826,"date":"2013-04-03T09:20:31","date_gmt":"2013-04-03T07:20:31","guid":{"rendered":"http:\/\/www.lukow-historia.pl\/?page_id=826"},"modified":"2013-04-03T11:38:51","modified_gmt":"2013-04-03T09:38:51","slug":"polityka-cookies","status":"publish","type":"page","link":"https:\/\/www.lukow-historia.pl\/?page_id=826","title":{"rendered":"Polityka Cookies"},"content":{"rendered":"<p style=\"text-align: justify\">Serwis \u0141UK\u00d3W-HISTORIA nie zbiera w spos\u00f3b automatyczny \u017cadnych informacji, z wyj\u0105tkiem informacji zawartych w plikach cookies.<br \/>\nPliki cookies (tzw. &#8220;ciasteczka&#8221;) stanowi\u0105 dane informatyczne, w szczeg\u00f3lno\u015bci pliki tekstowe, kt\u00f3re przechowywane s\u0105 w urz\u0105dzeniu ko\u0144cowym U\u017cytkownika Serwisu i przeznaczone s\u0105 do korzystania ze stron internetowych Serwisu. Cookies zazwyczaj zawieraj\u0105 nazw\u0119 strony internetowej, z kt\u00f3rej pochodz\u0105, czas przechowywania ich na urz\u0105dzeniu ko\u0144cowym oraz unikalny numer.<\/p>\n<p style=\"text-align: justify\">Pliki cookies wykorzystywane s\u0105 w celu:<\/p>\n<p style=\"text-align: justify\">a)  dostosowania zawarto\u015bci stron internetowych Serwisu \u0141UK\u00d3W-HISTORIA do preferencji U\u017cytkownika oraz optymalizacji korzystania ze stron internetowych; w szczeg\u00f3lno\u015bci pliki te pozwalaj\u0105 rozpozna\u0107 urz\u0105dzenie U\u017cytkownika Serwisu i odpowiednio wy\u015bwietli\u0107 stron\u0119 internetow\u0105, dostosowan\u0105 do jego indywidualnych potrzeb;<\/p>\n<p style=\"text-align: justify\">b)  tworzenia statystyk, kt\u00f3re pomagaj\u0105 zrozumie\u0107, w jaki spos\u00f3b U\u017cytkownicy Serwisu \u0141UK\u00d3W-HISTORIA korzystaj\u0105 ze stron internetowych, co umo\u017cliwia ulepszanie ich struktury i zawarto\u015bci;<\/p>\n<p style=\"text-align: justify\">c)  utrzymanie sesji U\u017cytkownika Serwisu (po zalogowaniu), dzi\u0119ki kt\u00f3rej U\u017cytkownik nie musi na ka\u017cdej podstronie Serwisu \u0141UK\u00d3W-HISTORIA ponownie wpisywa\u0107 loginu i has\u0142a;<\/p>\n<p style=\"text-align: justify\">W ramach Serwisu stosowane s\u0105 dwa zasadnicze rodzaje plik\u00f3w cookies: \u201esesyjne\u201d  (session cookies) oraz &#8220;sta\u0142e&#8221; (persistent cookies). Cookies &#8220;sesyjne&#8221; s\u0105 plikami tymczasowymi, kt\u00f3re przechowywane s\u0105 w urz\u0105dzeniu ko\u0144cowym U\u017cytkownika do czasu wylogowania, opuszczenia strony internetowej lub wy\u0142\u0105czenia oprogramowania (przegl\u0105darki internetowej). &#8220;Sta\u0142e&#8221; pliki cookies przechowywane s\u0105 w urz\u0105dzeniu ko\u0144cowym U\u017cytkownika przez czas okre\u015blony w parametrach plik\u00f3w cookies lub do czasu ich usuni\u0119cia przez U\u017cytkownika.<\/p>\n<p style=\"text-align: justify\">W ramach Serwisu stosowane s\u0105 nast\u0119puj\u0105ce rodzaje plik\u00f3w cookies:<\/p>\n<p style=\"text-align: justify\">a) &#8220;niezb\u0119dne&#8221; pliki cookies, umo\u017cliwiaj\u0105ce korzystanie z us\u0142ug dost\u0119pnych w ramach Serwisu \u0141UK\u00d3W-HISTORIA, np. uwierzytelniaj\u0105ce pliki cookies wykorzystywane do us\u0142ug wymagaj\u0105cych uwierzytelniania w ramach Serwisu;<\/p>\n<p style=\"text-align: justify\">b) pliki cookies s\u0142u\u017c\u0105ce do zapewnienia bezpiecze\u0144stwa, np. wykorzystywane do wykrywania nadu\u017cy\u0107 w zakresie uwierzytelniania w ramach Serwisu;<\/p>\n<p style=\"text-align: justify\">c) &#8220;wydajno\u015bciowe&#8221; pliki cookies, umo\u017cliwiaj\u0105ce zbieranie informacji o sposobie korzystania ze stron internetowych Serwisu \u0141UK\u00d3W-HISTORIA;<\/p>\n<p style=\"text-align: justify\">d) &#8220;funkcjonalne&#8221; pliki cookies, umo\u017cliwiaj\u0105ce &#8220;zapami\u0119tanie&#8221; wybranych przez U\u017cytkownika ustawie\u0144 i personalizacj\u0119 interfejsu U\u017cytkownika, np. w zakresie wybranego j\u0119zyka lub regionu, z kt\u00f3rego pochodzi U\u017cytkownik, rozmiaru czcionki, wygl\u0105du strony internetowej itp.;<\/p>\n<p style=\"text-align: justify\">e) &#8220;reklamowe&#8221; pliki cookies, umo\u017cliwiaj\u0105ce dostarczanie U\u017cytkownikom tre\u015bci reklamowych bardziej dostosowanych do ich zainteresowa\u0144.<\/p>\n<p style=\"text-align: justify\">f)  Niezale\u017cnie od powy\u017cszego stosowane s\u0105 tzw. wtyczki spo\u0142eczno\u015bciowe, zapewniaj\u0105 one u\u017cytkownikowi funkcje, wa\u017cne informacje oraz tre\u015b\u0107 zgodn\u0105 z jego indywidualnymi potrzebami. Serwis \u0141UK\u00d3W-HISTORIA umo\u017cliwia innym podmiotom wykorzystywanie mechanizmu cookies na swoich stronach. S\u0105 to m.in. podmioty udost\u0119pniaj\u0105ce &#8220;tzw. wtyczki spo\u0142eczno\u015bciowe, w szczeg\u00f3lno\u015bci serwisy Facebook, Youtube, Twitter:<\/p>\n<p>   <em>Facebook<\/em><\/p>\n<p style=\"text-align: justify\">\u0141UK\u00d3W-HISTORIA umieszcza na stronach swojego serwisu przyciski Lubi\u0119 to i Rekomenduj\/Podziel si\u0119 powi\u0105zane z serwisem Facebook. W tym celu w odpowiednich sekcjach i stronach umieszczany jest kod odwo\u0142uj\u0105cy si\u0119 do serwisu Facebook. U\u017cywaj\u0105c przycisku Lubi\u0119 to lub rekomenduj\u0105c obraz b\u0105d\u017a sekcje strony, u\u017cytkownik loguje si\u0119 w serwisie Facebook, w kt\u00f3rym obowi\u0105zuj\u0105 zasady ochrony prywatno\u015bci firmy Facebook. Z zasadami tymi mo\u017cna zapozna\u0107 si\u0119 <a href=\"http:\/\/pl-pl.facebook.com\/help\/cookies\" class=\"fancy_link target_blank blue_sprite blue_text\">http:\/\/pl-pl.facebook.com\/help\/cookies &#x2192;<\/a> <\/p>\n<p><em>Youtube<\/em><\/p>\n<p style=\"text-align: justify\">\u0141UK\u00d3W-HISTORIA osadza na stronach swojego serwisu WWW klipy wideo udost\u0119pniane z serwisu YouTube. W tym celu w odpowiednich sekcjach i stronach umieszczany jest kod odwo\u0142uj\u0105cy si\u0119 do serwisu YouTube. YouTube \u015bledzi odtwarzanie klip\u00f3w wideo, a \u015bledzenie to odbywa si\u0119 zgodnie z zasadami ochrony prywatno\u015bci, kt\u00f3re s\u0105 dost\u0119pne <a href=\"http:\/\/www.google.com\/intl\/en\/policies\/privacy\" class=\"fancy_link target_blank blue_sprite blue_text\">http:\/\/www.google.com\/intl\/en\/policies\/privacy\/ &#x2192;<\/a> <\/p>\n<p><em>Twitter<\/em><\/p>\n<p style=\"text-align: justify\">\u0141UK\u00d3W-HISTORIA umieszcza na stronach swojego serwisu WWW przyciski dodawania wpis\u00f3w na Twitterze, kt\u00f3re s\u0105 powi\u0105zane z serwisem Twitter. W tym celu w odpowiednich sekcjach i stronach umieszczany jest kod odwo\u0142uj\u0105cy si\u0119 do serwisu Twitter. Dodaj\u0105c wpis, u\u017cytkownik loguje si\u0119 w serwisie Twitter, w kt\u00f3rym obowi\u0105zuj\u0105 zasady ochrony prywatno\u015bci firmy Twitter. Z zasadami tymi mo\u017cna zapozna\u0107 si\u0119 <a href=\"https:\/\/twitter.com\/privacy\" class=\"fancy_link target_blank blue_sprite blue_text\">https:\/\/twitter.com\/privacy &#x2192;<\/a> <\/p>\n<p style=\"text-align: justify\">W wielu przypadkach oprogramowanie s\u0142u\u017c\u0105ce do przegl\u0105dania stron internetowych (przegl\u0105darka internetowa) domy\u015blnie dopuszcza przechowywanie plik\u00f3w cookies w urz\u0105dzeniu ko\u0144cowym U\u017cytkownika. U\u017cytkownicy Serwisu mog\u0105 dokona\u0107 w ka\u017cdym czasie zmiany ustawie\u0144 dotycz\u0105cych plik\u00f3w cookies. Ustawienia te mog\u0105 zosta\u0107 zmienione w szczeg\u00f3lno\u015bci w taki spos\u00f3b, aby blokowa\u0107 automatyczn\u0105 obs\u0142ug\u0119 plik\u00f3w cookies w ustawieniach przegl\u0105darki internetowej b\u0105d\u017a informowa\u0107 o ich ka\u017cdorazowym zamieszczeniu w urz\u0105dzeniu U\u017cytkownika Serwisu. Szczeg\u00f3\u0142owe informacje o mo\u017cliwo\u015bci i sposobach obs\u0142ugi plik\u00f3w cookies dost\u0119pne s\u0105 w ustawieniach oprogramowania (przegl\u0105darki internetowej).<\/p>\n<p style=\"text-align: justify\">Operator Serwisu \u0141UK\u00d3W-HISTORIA informuje, \u017ce ograniczenia stosowania plik\u00f3w cookies mog\u0105 wp\u0142yn\u0105\u0107 na niekt\u00f3re funkcjonalno\u015bci dost\u0119pne na stronach internetowych Serwisu.<\/p>\n<p style=\"text-align: justify\">Pliki cookies zamieszczane w urz\u0105dzeniu ko\u0144cowym U\u017cytkownika Serwisu \u0141UK\u00d3W-HISTORIA, wykorzystywane mog\u0105 by\u0107 r\u00f3wnie\u017c przez wsp\u00f3\u0142pracuj\u0105cych z operatorem Serwisu reklamodawc\u00f3w oraz partner\u00f3w.<\/p>\n<p style=\"text-align: justify\">W celu zarz\u0105dzania ustawienia cookies wybierz z listy poni\u017cej przegl\u0105dark\u0119 internetow\u0105, kt\u00f3rej u\u017cywasz i post\u0119puj zgodnie z instrukcjami:<\/p>\n<p><a href=\"http:\/\/support.microsoft.com\/kb\/196955\" class=\"fancy_link target_blank blue_sprite blue_text\">Internet Explorer &#x2192;<\/a><br \/>\n<a href=\"http:\/\/support.google.com\/chrome\/bin\/answer.py?hl=pl&#038;answer=95647\" class=\"fancy_link target_blank blue_sprite blue_text\">Chrome &#x2192;<\/a><br \/>\n<a href=\"http:\/\/support.apple.com\/kb\/PH5042\" class=\"fancy_link target_blank blue_sprite blue_text\">Safari &#x2192;<\/a><br \/>\n<a href=\"http:\/\/support.mozilla.org\/pl\/kb\/W%C5%82%C4%85czanie%20i%20wy%C5%82%C4%85czanie%20obs%C5%82ugi%20ciasteczek\" class=\"fancy_link target_blank blue_sprite blue_text\">Firefox &#x2192;<\/a><br \/>\n<a href=\"http:\/\/help.opera.com\/Windows\/12.10\/pl\/cookies.html\" class=\"fancy_link target_blank blue_sprite blue_text\">Opera &#x2192;<\/a><\/p>\n<p style=\"text-align: justify\">Urz\u0105dzenia mobilne:<\/p>\n<p><a href=\"http:\/\/support.google.com\/chrome\/bin\/answer.py?hl=pl&#038;answer=95647\" class=\"fancy_link target_blank blue_sprite blue_text\">Android &#x2192;<\/a><br \/>\n<a href=\"http:\/\/support.apple.com\/kb\/HT1677?viewlocale=pl_PL\" class=\"fancy_link target_blank blue_sprite blue_text\">Safari &#x2192;<\/a><br \/>\n<a href=\"http:\/\/www.windowsphone.com\/pl-pl\/how-to\/wp7\/web\/changing-privacy-and-other-browser-settings\" class=\"fancy_link target_blank blue_sprite blue_text\">Windows Phone &#x2192;<\/a><br \/>\n<a href=\"http:\/\/docs.blackberry.com\/en\/smartphone_users\/deliverables\/32004\/Turn_off_cookies_in_the_browser_60_1072866_11.jsp\" class=\"fancy_link target_blank blue_sprite blue_text\">Blackberry &#x2192;<\/a><\/p>\n","protected":false},"excerpt":{"rendered":"<p>Serwis \u0141UK\u00d3W-HISTORIA nie zbiera w spos\u00f3b automatyczny \u017cadnych informacji, z wyj\u0105tkiem informacji zawartych w plikach cookies. Pliki cookies (tzw. &#8220;ciasteczka&#8221;) stanowi\u0105 dane informatyczne, w szczeg\u00f3lno\u015bci pliki tekstowe, kt\u00f3re przechowywane s\u0105 w urz\u0105dzeniu ko\u0144cowym U\u017cytkownika Serwisu i przeznaczone s\u0105 do korzystania ze stron internetowych Serwisu. Cookies zazwyczaj zawieraj\u0105 nazw\u0119 strony internetowej, z kt\u00f3rej pochodz\u0105, czas przechowywania ich na urz\u0105dzeniu ko\u0144cowym oraz &#8230;<\/p>\n","protected":false},"author":1,"featured_media":835,"parent":2,"menu_order":0,"comment_status":"open","ping_status":"open","template":"","meta":[],"_links":{"self":[{"href":"https:\/\/www.lukow-historia.pl\/index.php?rest_route=\/wp\/v2\/pages\/826"}],"collection":[{"href":"https:\/\/www.lukow-historia.pl\/index.php?rest_route=\/wp\/v2\/pages"}],"about":[{"href":"https:\/\/www.lukow-historia.pl\/index.php?rest_route=\/wp\/v2\/types\/page"}],"author":[{"embeddable":true,"href":"https:\/\/www.lukow-historia.pl\/index.php?rest_route=\/wp\/v2\/users\/1"}],"replies":[{"embeddable":true,"href":"https:\/\/www.lukow-historia.pl\/index.php?rest_route=%2Fwp%2Fv2%2Fcomments&post=826"}],"version-history":[{"count":11,"href":"https:\/\/www.lukow-historia.pl\/index.php?rest_route=\/wp\/v2\/pages\/826\/revisions"}],"predecessor-version":[{"id":832,"href":"https:\/\/www.lukow-historia.pl\/index.php?rest_route=\/wp\/v2\/pages\/826\/revisions\/832"}],"up":[{"embeddable":true,"href":"https:\/\/www.lukow-historia.pl\/index.php?rest_route=\/wp\/v2\/pages\/2"}],"wp:featuredmedia":[{"embeddable":true,"href":"https:\/\/www.lukow-historia.pl\/index.php?rest_route=\/wp\/v2\/media\/835"}],"wp:attachment":[{"href":"https:\/\/www.lukow-historia.pl\/index.php?rest_route=%2Fwp%2Fv2%2Fmedia&parent=826"}],"curies":[{"name":"wp","href":"https:\/\/api.w.org\/{rel}","templated":true}]}}